{"id":101369,"date":"2025-12-14T20:37:34","date_gmt":"2025-12-14T20:37:34","guid":{"rendered":"https:\/\/hittner.hr\/o-nama\/"},"modified":"2025-12-16T21:44:38","modified_gmt":"2025-12-16T21:44:38","slug":"about-us","status":"publish","type":"page","link":"https:\/\/hittner.hr\/en\/about-us\/","title":{"rendered":"About us"},"content":{"rendered":"<p>[et_pb_section fb_built=&#8221;1&#8243; custom_padding_last_edited=&#8221;on|tablet&#8221; next_background_color=&#8221;#000000&#8243; disabled_on=&#8221;off|off|off&#8221; module_id=&#8221;hittnervideo&#8221; _builder_version=&#8221;4.27.5&#8243; _module_preset=&#8221;default&#8221; background_enable_color=&#8221;off&#8221; background_image=&#8221;https:\/\/hittner.hr\/wp-content\/uploads\/2025\/12\/Hittner-traktori.webp&#8221; background_enable_video_mp4=&#8221;off&#8221; custom_padding=&#8221;80px||80px||true|false&#8221; custom_padding_tablet=&#8221;30px||30px||true|false&#8221; custom_padding_phone=&#8221;30px||30px||true|false&#8221; bottom_divider_style=&#8221;curve&#8221; bottom_divider_height_tablet=&#8221;140px&#8221; bottom_divider_height_phone=&#8221;60px&#8221; bottom_divider_height_last_edited=&#8221;on|phone&#8221; global_colors_info=&#8221;{}&#8221;][et_pb_row column_structure=&#8221;1_2,1_2&#8243; _builder_version=&#8221;4.27.4&#8243; _module_preset=&#8221;default&#8221; min_height=&#8221;450px&#8221; global_colors_info=&#8221;{}&#8221;][et_pb_column type=&#8221;1_2&#8243; _builder_version=&#8221;4.27.4&#8243; _module_preset=&#8221;default&#8221; global_colors_info=&#8221;{}&#8221;][dipl_double_color_heading heading_pre_part=&#8221;O &#8221; heading_main_part=&#8221;nama&#8221; disabled_on=&#8221;on|on|on&#8221; admin_label=&#8221;Drive Smart&#8221; _builder_version=&#8221;4.27.5&#8243; _module_preset=&#8221;default&#8221; global_heading_settings_level=&#8221;h1&#8243; pre_header_font=&#8221;|700|||||||&#8221; pre_header_text_color=&#8221;#000000&#8243; pre_header_font_size=&#8221;100px&#8221; main_header_font=&#8221;|700|||||||&#8221; main_header_text_color=&#8221;#ff8f1f&#8221; main_header_font_size=&#8221;100px&#8221; custom_margin=&#8221;||5px||false|false&#8221; pre_header_font_size_tablet=&#8221;80px&#8221; pre_header_font_size_phone=&#8221;50px&#8221; pre_header_font_size_last_edited=&#8221;on|phone&#8221; main_header_font_size_tablet=&#8221;80px&#8221; main_header_font_size_phone=&#8221;50px&#8221; main_header_font_size_last_edited=&#8221;on|phone&#8221; disabled=&#8221;on&#8221; global_colors_info=&#8221;{}&#8221; pre_header_line_height_tablet=&#8221;&#8221; pre_header_line_height_phone=&#8221;1.3em&#8221; pre_header_line_height_last_edited=&#8221;on|phone&#8221; main_header_line_height_tablet=&#8221;&#8221; main_header_line_height_phone=&#8221;1.3em&#8221; main_header_line_height_last_edited=&#8221;on|phone&#8221;][\/dipl_double_color_heading][\/et_pb_column][et_pb_column type=&#8221;1_2&#8243; _builder_version=&#8221;4.27.4&#8243; _module_preset=&#8221;default&#8221; global_colors_info=&#8221;{}&#8221;][\/et_pb_column][\/et_pb_row][\/et_pb_section][et_pb_section fb_built=&#8221;1&#8243; _builder_version=&#8221;4.27.4&#8243; _module_preset=&#8221;default&#8221; background_color=&#8221;#000000&#8243; custom_padding=&#8221;||0px||false|false&#8221; locked=&#8221;off&#8221; global_colors_info=&#8221;{}&#8221;][et_pb_row _builder_version=&#8221;4.27.4&#8243; _module_preset=&#8221;default&#8221; global_colors_info=&#8221;{}&#8221;][et_pb_column type=&#8221;4_4&#8243; _builder_version=&#8221;4.27.4&#8243; _module_preset=&#8221;default&#8221; global_colors_info=&#8221;{}&#8221;][dipl_separator use_with=&#8221;text&#8221; seprator_thickness=&#8221;2px&#8221; separator_color=&#8221;#ffcc00&#8243; admin_label=&#8221;Our Work Process&#8221; _builder_version=&#8221;4.27.4&#8243; _module_preset=&#8221;default&#8221; body_text_align=&#8221;center&#8221; body_text_color=&#8221;#FFFFFF&#8221; max_width=&#8221;270px&#8221; module_alignment=&#8221;center&#8221; custom_margin=&#8221;||15px||false|false&#8221; global_colors_info=&#8221;{}&#8221;]<\/p>\n<p>Hittner<\/p>\n<p>[\/dipl_separator][dipl_double_color_heading heading_pre_part=&#8221;About&#8221; heading_main_part=&#8221;us&#8221; admin_label=&#8221;How Our Driving Lessons Work&#8221; _builder_version=&#8221;4.27.5&#8243; _module_preset=&#8221;default&#8221; global_heading_settings_text_align=&#8221;center&#8221; pre_header_font=&#8221;|600|||||||&#8221; pre_header_text_color=&#8221;#FFFFFF&#8221; pre_header_font_size=&#8221;44px&#8221; main_header_font=&#8221;|700|||||||&#8221; main_header_text_align=&#8221;center&#8221; main_header_text_color=&#8221;#FFFFFF&#8221; main_header_font_size=&#8221;44px&#8221; custom_margin=&#8221;||10px||false|false&#8221; pre_header_font_size_tablet=&#8221;40px&#8221; pre_header_font_size_phone=&#8221;36px&#8221; pre_header_font_size_last_edited=&#8221;on|desktop&#8221; main_header_font_size_tablet=&#8221;40px&#8221; main_header_font_size_phone=&#8221;36px&#8221; main_header_font_size_last_edited=&#8221;on|desktop&#8221; global_colors_info=&#8221;{}&#8221;][\/dipl_double_color_heading][et_pb_text _builder_version=&#8221;4.27.5&#8243; _module_preset=&#8221;default&#8221; text_text_color=&#8221;#cccccc&#8221; text_orientation=&#8221;center&#8221; max_width=&#8221;750px&#8221; module_alignment=&#8221;center&#8221; global_colors_info=&#8221;{}&#8221;]<\/p>\n<p>Company HITTNER d.o.o. from Bjelovar is a Croatian manufacturer of articulated forestry tractors\/skidders, agricultural and municipal machinery, attachments, agricultural trailers, agricultural tools and metal components for all types of tractors, harvesters and working machines with a 38-year tradition in production.<\/p>\n<p>Company employs over 80 people and closely cooperates with relevant high schools and faculties on professional and scientific projects, and also offers internships to pupils and students.<\/p>\n<p>&nbsp;<\/p>\n<p>[\/et_pb_text][\/et_pb_column][\/et_pb_row][\/et_pb_section][et_pb_section fb_built=&#8221;1&#8243; module_class=&#8221;dds-provide-section&#8221; _builder_version=&#8221;4.27.4&#8243; _module_preset=&#8221;default&#8221; background_color=&#8221;#000000&#8243; background_enable_image=&#8221;off&#8221; custom_padding=&#8221;||0px||false|false&#8221; locked=&#8221;off&#8221; global_colors_info=&#8221;{}&#8221;][et_pb_row column_structure=&#8221;2_5,3_5&#8243; custom_padding_last_edited=&#8221;on|tablet&#8221; _builder_version=&#8221;4.27.4&#8243; _module_preset=&#8221;default&#8221; width=&#8221;100%&#8221; custom_padding=&#8221;|||10%|false|false&#8221; custom_padding_tablet=&#8221;|10%||10%|false|false&#8221; custom_padding_phone=&#8221;|10%||10%|false|false&#8221; global_colors_info=&#8221;{}&#8221;][et_pb_column type=&#8221;2_5&#8243; _builder_version=&#8221;4.27.4&#8243; _module_preset=&#8221;default&#8221; global_colors_info=&#8221;{}&#8221;][dipl_separator use_with=&#8221;text&#8221; seprator_thickness=&#8221;2px&#8221; separator_color=&#8221;#fed42f&#8221; admin_label=&#8221;What We Offer&#8221; _builder_version=&#8221;4.27.5&#8243; _module_preset=&#8221;default&#8221; body_text_align=&#8221;right&#8221; body_text_color=&#8221;#FFFFFF&#8221; max_width=&#8221;190px&#8221; custom_margin=&#8221;||15px||false|false&#8221; global_colors_info=&#8221;{}&#8221;]<\/p>\n<p>History<\/p>\n<p>[\/dipl_separator][dipl_double_color_heading heading_pre_part=&#8221;Development &#8221; heading_main_part=&#8221;and innovation&#8221; admin_label=&#8221;Safe, Professional, and Effective Training&#8221; _builder_version=&#8221;4.27.5&#8243; _module_preset=&#8221;default&#8221; global_heading_settings_text_align=&#8221;left&#8221; pre_header_font=&#8221;|600|||||||&#8221; pre_header_text_color=&#8221;#FFFFFF&#8221; pre_header_font_size=&#8221;44px&#8221; main_header_font=&#8221;|700|||||||&#8221; main_header_text_align=&#8221;center&#8221; main_header_text_color=&#8221;#FFFFFF&#8221; main_header_font_size=&#8221;44px&#8221; custom_margin=&#8221;||10px||false|false&#8221; pre_header_font_size_tablet=&#8221;40px&#8221; pre_header_font_size_phone=&#8221;36px&#8221; pre_header_font_size_last_edited=&#8221;on|desktop&#8221; main_header_font_size_tablet=&#8221;40px&#8221; main_header_font_size_phone=&#8221;36px&#8221; main_header_font_size_last_edited=&#8221;on|desktop&#8221; global_colors_info=&#8221;{}&#8221;][\/dipl_double_color_heading][et_pb_text _builder_version=&#8221;4.27.5&#8243; _module_preset=&#8221;default&#8221; text_text_color=&#8221;#cccccc&#8221; global_colors_info=&#8221;{}&#8221;]<\/p>\n<p>The history of the company Hittner d.o.o. dates back to 1987 when the small workshop service was founded, and in 1995 it became a company. The main activity is the production of articulated forestry tractors and agricultural equipment, attachments, tractors, trailers, lawnmowers, as well as services in machining and production of metal parts (axles, shafts, cylinders, reducers, gears, sprockets, links, bridges, parts for the automotive industry, other machines&#8230;).<\/p>\n<p>In cooperation with the Faculty of Forestry in Zagreb and the Government company Hrvatske \u0161ume (Croatian Forests), the first forest tractor ECOTRAC 33V was developed and launched in 2000. Since then, continuous development work has been carried out. Currently, on the market there are models of articulated forest tractors ECOTRAC 60 (60 HP), ECOTRAC 60G (with grapple) and ECOTRAC 140 (140 HP) on the market, with STAGE V engines standards. Skidders are being sold on the domestic and international markets.<\/p>\n<p>In 2021, the company EKO ME\u0110IMURJE JSC. from \u0160enkovac near \u010cakovec took over majority ownership with 80% shares. Majority owner has laid down a 5-year plan for the consolidation and development of all business segments and a more active penetration of international markets. Current share of export activities is up to 40% of the company&#8217;s total revenue.<\/p>\n<p>&nbsp;<\/p>\n<p>[\/et_pb_text][\/et_pb_column][et_pb_column type=&#8221;3_5&#8243; _builder_version=&#8221;4.27.4&#8243; _module_preset=&#8221;default&#8221; global_colors_info=&#8221;{}&#8221;][et_pb_image src=&#8221;https:\/\/hittner.hr\/wp-content\/uploads\/2025\/12\/Hittner-ecotrac-60G-02.webp&#8221; title_text=&#8221;Hittner-ecotrac-60G-02&#8243; _builder_version=&#8221;4.27.5&#8243; _module_preset=&#8221;default&#8221; border_radii=&#8221;on|20px|20px|20px|20px&#8221; global_colors_info=&#8221;{}&#8221;][\/et_pb_image][\/et_pb_column][\/et_pb_row][\/et_pb_section][et_pb_section fb_built=&#8221;1&#8243; module_class=&#8221;dds-provide-section&#8221; _builder_version=&#8221;4.27.4&#8243; _module_preset=&#8221;default&#8221; background_color=&#8221;#000000&#8243; background_enable_image=&#8221;off&#8221; custom_padding=&#8221;||0px||false|false&#8221; locked=&#8221;off&#8221; global_colors_info=&#8221;{}&#8221;][et_pb_row column_structure=&#8221;2_5,3_5&#8243; custom_padding_last_edited=&#8221;on|tablet&#8221; _builder_version=&#8221;4.27.4&#8243; _module_preset=&#8221;default&#8221; width=&#8221;100%&#8221; custom_padding=&#8221;|||10%|false|false&#8221; custom_padding_tablet=&#8221;|10%||10%|false|false&#8221; custom_padding_phone=&#8221;|10%||10%|false|false&#8221; global_colors_info=&#8221;{}&#8221;][et_pb_column type=&#8221;2_5&#8243; _builder_version=&#8221;4.27.4&#8243; _module_preset=&#8221;default&#8221; global_colors_info=&#8221;{}&#8221;][dipl_separator use_with=&#8221;text&#8221; seprator_thickness=&#8221;2px&#8221; separator_color=&#8221;#fed42f&#8221; admin_label=&#8221;What We Offer&#8221; _builder_version=&#8221;4.27.5&#8243; _module_preset=&#8221;default&#8221; body_text_align=&#8221;right&#8221; body_text_color=&#8221;#FFFFFF&#8221; max_width=&#8221;190px&#8221; custom_margin=&#8221;||15px||false|false&#8221; global_colors_info=&#8221;{}&#8221;]<\/p>\n<p>Development<\/p>\n<p>[\/dipl_separator][dipl_double_color_heading heading_pre_part=&#8221;Capacity and &#8221; heading_main_part=&#8221;technologies&#8221; admin_label=&#8221;Safe, Professional, and Effective Training&#8221; _builder_version=&#8221;4.27.5&#8243; _module_preset=&#8221;default&#8221; global_heading_settings_text_align=&#8221;left&#8221; pre_header_font=&#8221;|600|||||||&#8221; pre_header_text_color=&#8221;#FFFFFF&#8221; pre_header_font_size=&#8221;44px&#8221; main_header_font=&#8221;|700|||||||&#8221; main_header_text_align=&#8221;center&#8221; main_header_text_color=&#8221;#FFFFFF&#8221; main_header_font_size=&#8221;44px&#8221; custom_margin=&#8221;||10px||false|false&#8221; pre_header_font_size_tablet=&#8221;40px&#8221; pre_header_font_size_phone=&#8221;36px&#8221; pre_header_font_size_last_edited=&#8221;on|desktop&#8221; main_header_font_size_tablet=&#8221;40px&#8221; main_header_font_size_phone=&#8221;36px&#8221; main_header_font_size_last_edited=&#8221;on|desktop&#8221; global_colors_info=&#8221;{}&#8221;][\/dipl_double_color_heading][et_pb_text _builder_version=&#8221;4.27.5&#8243; _module_preset=&#8221;default&#8221; text_text_color=&#8221;#cccccc&#8221; global_colors_info=&#8221;{}&#8221;]<\/p>\n<p>Production facilities cover 20,000 m2 of land in the industrial zone in Bjelovar, of which 7,000 m2 is under roof. Machinery Park consists of around 60 CNC machines, welding department, a shot blasting and painting shop, an assembly department and a large spare parts warehouse.<\/p>\n<p>Daily effort, innovation and flexibility are the foundations of HITNNER\u2019s company success. Numerous projects, partners and clients on the domestic and international market are a reference of quality and a guarantee for future development and benefit for all partners, employees, local and state communities and for forestry and agricultural industry.<\/p>\n<p>Croatian product, fast delivery, availability of spare parts, assured after-sales support and timely communication with customers are the advantages of HITTNER d.o.o. company.<\/p>\n<p>[\/et_pb_text][\/et_pb_column][et_pb_column type=&#8221;3_5&#8243; _builder_version=&#8221;4.27.4&#8243; _module_preset=&#8221;default&#8221; global_colors_info=&#8221;{}&#8221;][et_pb_image src=&#8221;https:\/\/hittner.hr\/wp-content\/uploads\/2025\/12\/Hittner-iz-zraka.webp&#8221; title_text=&#8221;Hittner-iz-zraka&#8221; _builder_version=&#8221;4.27.5&#8243; _module_preset=&#8221;default&#8221; border_radii=&#8221;on|20px|20px|20px|20px&#8221; global_colors_info=&#8221;{}&#8221;][\/et_pb_image][\/et_pb_column][\/et_pb_row][\/et_pb_section]<\/p>\n","protected":false},"excerpt":{"rendered":"<p><div class=\"et_pb_module dipl_separator dipl_separator_0\">\n\t\t\t\t\n\t\t\t\t\n\t\t\t\t\n\t\t\t\t\n\t\t\t\t\n\t\t\t\t\n\t\t\t\t<div class=\"et_pb_module_inner\">\n\t\t\t\t\t<div class=\"dipl_separator_container align_center\">\n\t\t\t\t\t\t\t\t\t<div class=\"dipl_line dipl_line_before\"><\/div>\n\t\t\t\t\t\t\t\t\t\t<div class=\"dipl-text-wrapper\">Hittner<\/div>\n\t\t\t\t\t\t\t\t\t\t\n\t\t\t\t\t\t\t\t\t\t\n\t\t\t\t\t\t\t\t\t<div class=\"dipl_line dipl_line_after\"><\/div>\n\t\t\t\t\t\t\t\t<\/div>\n\t\t\t\t<\/div>\n\t\t\t<\/div><div class=\"et_pb_module dipl_double_color_heading dipl_double_color_heading_1 \">\n\t\t\t\t\n\t\t\t\t\n\t\t\t\t\n\t\t\t\t\n\t\t\t\t\n\t\t\t\t\n\t\t\t\t<div class=\"et_pb_module_inner\">\n\t\t\t\t\t<div class=\"dipl_text_wrapper\"><h2><span class=\"dipl_pre_text\">&#8221;About&#8221;<\/span><span class=\"dipl_main_text\">&#8221;us&#8221;<\/span><\/h2><\/div>\n\t\t\t\t<\/div>\n\t\t\t<\/div><\/p>\n","protected":false},"author":1,"featured_media":0,"parent":0,"menu_order":0,"comment_status":"closed","ping_status":"closed","template":"","meta":{"_et_pb_use_builder":"on","_et_pb_old_content":"","_et_gb_content_width":"","footnotes":""},"class_list":["post-101369","page","type-page","status-publish","hentry"],"_links":{"self":[{"href":"https:\/\/hittner.hr\/en\/wp-json\/wp\/v2\/pages\/101369","targetHints":{"allow":["GET"]}}],"collection":[{"href":"https:\/\/hittner.hr\/en\/wp-json\/wp\/v2\/pages"}],"about":[{"href":"https:\/\/hittner.hr\/en\/wp-json\/wp\/v2\/types\/page"}],"author":[{"embeddable":true,"href":"https:\/\/hittner.hr\/en\/wp-json\/wp\/v2\/users\/1"}],"replies":[{"embeddable":true,"href":"https:\/\/hittner.hr\/en\/wp-json\/wp\/v2\/comments?post=101369"}],"version-history":[{"count":8,"href":"https:\/\/hittner.hr\/en\/wp-json\/wp\/v2\/pages\/101369\/revisions"}],"predecessor-version":[{"id":101416,"href":"https:\/\/hittner.hr\/en\/wp-json\/wp\/v2\/pages\/101369\/revisions\/101416"}],"wp:attachment":[{"href":"https:\/\/hittner.hr\/en\/wp-json\/wp\/v2\/media?parent=101369"}],"curies":[{"name":"wp","href":"https:\/\/api.w.org\/{rel}","templated":true}]}}