{"id":100837,"date":"2025-12-04T13:26:19","date_gmt":"2025-12-04T13:26:19","guid":{"rendered":"https:\/\/hittner.hr\/kontakt\/"},"modified":"2025-12-16T21:57:17","modified_gmt":"2025-12-16T21:57:17","slug":"contact","status":"publish","type":"page","link":"https:\/\/hittner.hr\/en\/contact\/","title":{"rendered":"Contact"},"content":{"rendered":"<p>[et_pb_section fb_built=&#8221;1&#8243; _builder_version=&#8221;4.27.4&#8243; _module_preset=&#8221;default&#8221; background_color=&#8221;#000000&#8243; use_background_color_gradient=&#8221;on&#8221; background_color_gradient_type=&#8221;elliptical&#8221; background_color_gradient_stops=&#8221;rgba(255,255,255,0) 0%|#000000 51%&#8221; background_image=&#8221;https:\/\/hittner.hr\/wp-content\/uploads\/2025\/11\/Hittner-ecotrac-140-06.webp&#8221; background_blend=&#8221;overlay&#8221; custom_padding=&#8221;||0px||false|false&#8221; locked=&#8221;off&#8221; global_colors_info=&#8221;{}&#8221;][et_pb_row _builder_version=&#8221;4.27.4&#8243; _module_preset=&#8221;default&#8221; global_colors_info=&#8221;{}&#8221;][et_pb_column type=&#8221;4_4&#8243; _builder_version=&#8221;4.27.4&#8243; _module_preset=&#8221;default&#8221; global_colors_info=&#8221;{}&#8221;][et_pb_text _builder_version=&#8221;4.27.4&#8243; _dynamic_attributes=&#8221;content&#8221; _module_preset=&#8221;default&#8221; text_font=&#8221;|600|||||||&#8221; text_text_color=&#8221;#ffcc00&#8243; header_text_color=&#8221;#ffcc00&#8243; text_orientation=&#8221;center&#8221; custom_margin=&#8221;||15px||false|false&#8221; global_colors_info=&#8221;{}&#8221;]@ET-DC@eyJkeW5hbWljIjp0cnVlLCJjb250ZW50IjoicG9zdF90aXRsZSIsInNldHRpbmdzIjp7ImJlZm9yZSI6IjxwPiIsImFmdGVyIjoiPC9wPiJ9fQ==@[\/et_pb_text][dipl_double_color_heading heading_main_part=&#8221;Contact us&#8221; admin_label=&#8221;Get in Touch with Us&#8221; _builder_version=&#8221;4.27.5&#8243; _module_preset=&#8221;default&#8221; global_heading_settings_level=&#8221;h1&#8243; global_heading_settings_text_align=&#8221;center&#8221; pre_header_font=&#8221;|600|||||||&#8221; pre_header_text_color=&#8221;#FFFFFF&#8221; pre_header_font_size=&#8221;60px&#8221; main_header_font=&#8221;|600|||||||&#8221; main_header_text_align=&#8221;center&#8221; main_header_text_color=&#8221;#ffcc00&#8243; main_header_font_size=&#8221;60px&#8221; custom_margin=&#8221;||10px||false|false&#8221; pre_header_font_size_tablet=&#8221;50px&#8221; pre_header_font_size_phone=&#8221;44px&#8221; pre_header_font_size_last_edited=&#8221;on|desktop&#8221; main_header_font_size_tablet=&#8221;50px&#8221; main_header_font_size_phone=&#8221;44px&#8221; main_header_font_size_last_edited=&#8221;on|phone&#8221; locked=&#8221;off&#8221; global_colors_info=&#8221;{}&#8221;][\/dipl_double_color_heading][\/et_pb_column][\/et_pb_row][\/et_pb_section][et_pb_section fb_built=&#8221;1&#8243; _builder_version=&#8221;4.27.4&#8243; _module_preset=&#8221;default&#8221; background_color=&#8221;#000000&#8243; custom_padding=&#8221;||0px||false|false&#8221; global_colors_info=&#8221;{}&#8221;][et_pb_row column_structure=&#8221;1_3,1_3,1_3&#8243; use_custom_gutter=&#8221;on&#8221; gutter_width=&#8221;2&#8243; _builder_version=&#8221;4.27.4&#8243; _module_preset=&#8221;default&#8221; background_enable_color=&#8221;off&#8221; custom_margin=&#8221;20px||||false|false&#8221; custom_padding=&#8221;|40px||40px|false|true&#8221; border_radii=&#8221;on|12px|12px|12px|12px&#8221; border_color_all=&#8221;rgba(255,255,255,0.4)&#8221; global_colors_info=&#8221;{}&#8221;][et_pb_column type=&#8221;1_3&#8243; _builder_version=&#8221;4.27.4&#8243; _module_preset=&#8221;default&#8221; global_colors_info=&#8221;{}&#8221;][et_pb_blurb title=&#8221;Phone&#8221; use_icon=&#8221;on&#8221; font_icon=&#8221;&#xe090;||divi||400&#8243; icon_color=&#8221;#000000&#8243; image_icon_background_color=&#8221;RGBA(255,255,255,0)&#8221; image_icon_width=&#8221;50px&#8221; admin_label=&#8221;Phone&#8221; _builder_version=&#8221;4.27.5&#8243; _module_preset=&#8221;default&#8221; header_level=&#8221;h5&#8243; header_text_align=&#8221;center&#8221; header_text_color=&#8221;#000000&#8243; header_font_size=&#8221;26px&#8221; body_text_align=&#8221;center&#8221; body_text_color=&#8221;#000000&#8243; body_link_text_align=&#8221;center&#8221; body_link_text_color=&#8221;#FFFFFF&#8221; background_color=&#8221;#ffcc00&#8243; custom_padding=&#8221;20px|20px|20px|20px|true|true&#8221; header_font_size_tablet=&#8221;24px&#8221; header_font_size_phone=&#8221;22px&#8221; header_font_size_last_edited=&#8221;on|desktop&#8221; border_radii=&#8221;on|15px|15px|15px|15px&#8221; global_colors_info=&#8221;{}&#8221; background__hover_enabled=&#8221;on|hover&#8221; background_color__hover=&#8221;#ff8f1f&#8221; background_enable_color__hover=&#8221;on&#8221;]<\/p>\n<p><a href=\"tel:+385%2043 272 511\">+385 43 272 511<\/a><\/p>\n<p>[\/et_pb_blurb][\/et_pb_column][et_pb_column type=&#8221;1_3&#8243; _builder_version=&#8221;4.27.4&#8243; _module_preset=&#8221;default&#8221; global_colors_info=&#8221;{}&#8221;][et_pb_blurb title=&#8221;E-mail&#8221; use_icon=&#8221;on&#8221; font_icon=&#8221;&#xe076;||divi||400&#8243; icon_color=&#8221;#000000&#8243; image_icon_background_color=&#8221;RGBA(255,255,255,0)&#8221; image_icon_width=&#8221;50px&#8221; admin_label=&#8221;Email&#8221; _builder_version=&#8221;4.27.4&#8243; _module_preset=&#8221;default&#8221; header_level=&#8221;h5&#8243; header_text_align=&#8221;center&#8221; header_text_color=&#8221;#000000&#8243; header_font_size=&#8221;26px&#8221; body_text_align=&#8221;center&#8221; body_text_color=&#8221;#000000&#8243; body_link_text_align=&#8221;center&#8221; body_link_text_color=&#8221;#FFFFFF&#8221; background_color=&#8221;#ffcc00&#8243; custom_padding=&#8221;20px|20px|20px|20px|true|true&#8221; header_font_size_tablet=&#8221;24px&#8221; header_font_size_phone=&#8221;22px&#8221; header_font_size_last_edited=&#8221;on|desktop&#8221; border_radii=&#8221;on|15px|15px|15px|15px&#8221; global_colors_info=&#8221;{}&#8221; background_color__hover=&#8221;#ff8f1f&#8221; background_enable_color__hover=&#8221;on&#8221; background__hover_enabled=&#8221;on|hover&#8221;]<\/p>\n<p><a href=\"mailto:info@hittner.hr\">info@hittner.hr<\/a><\/p>\n<p>[\/et_pb_blurb][\/et_pb_column][et_pb_column type=&#8221;1_3&#8243; _builder_version=&#8221;4.27.4&#8243; _module_preset=&#8221;default&#8221; global_colors_info=&#8221;{}&#8221;][et_pb_blurb title=&#8221;Address&#8221; use_icon=&#8221;on&#8221; font_icon=&#8221;&#xf3c5;||fa||900&#8243; icon_color=&#8221;#000000&#8243; image_icon_background_color=&#8221;RGBA(255,255,255,0)&#8221; image_icon_width=&#8221;50px&#8221; admin_label=&#8221;Address&#8221; _builder_version=&#8221;4.27.5&#8243; _module_preset=&#8221;default&#8221; header_level=&#8221;h5&#8243; header_text_align=&#8221;center&#8221; header_text_color=&#8221;#000000&#8243; header_font_size=&#8221;26px&#8221; body_text_align=&#8221;center&#8221; body_text_color=&#8221;#FFFFFF&#8221; body_link_text_align=&#8221;center&#8221; body_link_text_color=&#8221;#FFFFFF&#8221; background_color=&#8221;#ffcc00&#8243; custom_padding=&#8221;20px|20px|20px|20px|true|true&#8221; header_font_size_tablet=&#8221;24px&#8221; header_font_size_phone=&#8221;22px&#8221; header_font_size_last_edited=&#8221;on|desktop&#8221; border_radii=&#8221;on|15px|15px|15px|15px&#8221; global_colors_info=&#8221;{}&#8221; background_color__hover=&#8221;#ff8f1f&#8221; background_enable_color__hover=&#8221;on&#8221; background__hover_enabled=&#8221;on|hover&#8221;]<\/p>\n<p>Pakra\u010dka ulica 10, Bjelovar, Hrvatska<\/p>\n<p>[\/et_pb_blurb][\/et_pb_column][\/et_pb_row][et_pb_row column_structure=&#8221;1_4,1_4,1_4,1_4&#8243; use_custom_gutter=&#8221;on&#8221; gutter_width=&#8221;2&#8243; _builder_version=&#8221;4.27.4&#8243; _module_preset=&#8221;default&#8221; background_enable_color=&#8221;off&#8221; custom_margin=&#8221;20px||||false|false&#8221; custom_padding=&#8221;|40px||40px|false|true&#8221; border_radii=&#8221;on|12px|12px|12px|12px&#8221; border_color_all=&#8221;rgba(255,255,255,0.4)&#8221; locked=&#8221;off&#8221; global_colors_info=&#8221;{}&#8221;][et_pb_column type=&#8221;1_4&#8243; _builder_version=&#8221;4.27.4&#8243; _module_preset=&#8221;default&#8221; global_colors_info=&#8221;{}&#8221;][et_pb_blurb title=&#8221;Sales&#8221; use_icon=&#8221;on&#8221; font_icon=&#8221;&#xf0c0;||fa||900&#8243; icon_color=&#8221;#000000&#8243; image_icon_background_color=&#8221;RGBA(255,255,255,0)&#8221; image_icon_width=&#8221;50px&#8221; admin_label=&#8221;Phone&#8221; _builder_version=&#8221;4.27.5&#8243; _module_preset=&#8221;default&#8221; header_level=&#8221;h5&#8243; header_text_align=&#8221;center&#8221; header_text_color=&#8221;#000000&#8243; header_font_size=&#8221;26px&#8221; body_text_align=&#8221;center&#8221; body_text_color=&#8221;#000000&#8243; body_link_text_align=&#8221;center&#8221; body_link_text_color=&#8221;#FFFFFF&#8221; background_color=&#8221;#ffcc00&#8243; min_height=&#8221;520px&#8221; custom_padding=&#8221;20px|20px|20px|20px|true|true&#8221; hover_enabled=&#8221;0&#8243; header_font_size_tablet=&#8221;24px&#8221; header_font_size_phone=&#8221;22px&#8221; header_font_size_last_edited=&#8221;on|desktop&#8221; border_radii=&#8221;on|15px|15px|15px|15px&#8221; global_colors_info=&#8221;{}&#8221; background__hover_enabled=&#8221;on|hover&#8221; background_color__hover=&#8221;#ff8f1f&#8221; background_enable_color__hover=&#8221;on&#8221; sticky_enabled=&#8221;0&#8243;]<\/p>\n<p><a href=\"mailto:prodaja@hittner.hr\">prodaja@hittner.hr<\/a><\/p>\n<p><strong>Luka Botin\u010dan<\/strong><br \/><a href=\"mailto:luka.botincan@hittner.hr\">luka.botincan@hittner.hr<\/a><br \/><a href=\"tel:+%20385 98 391 115\">+ 385 98 391 115<\/a><\/p>\n<p><strong>Marko Palijan<\/strong><br \/><a href=\"mailto:marko.palijan@hittner.hr\">marko.palijan@hittner.hr<\/a><br \/><a href=\"tel:+%20385 98 770 339\">+ 385 98 770 339<\/a><\/p>\n<p><strong>Nikola Grubi\u0161i\u0107<\/strong><br \/><a href=\"mailto:nikola.grubisic@hittner.hr\">nikola.grubisic@hittner.hr<\/a><br \/><a href=\"tel:+%20385 98 983 0239\">+ 385 98 983 0239<\/a><\/p>\n<p>[\/et_pb_blurb][\/et_pb_column][et_pb_column type=&#8221;1_4&#8243; _builder_version=&#8221;4.27.5&#8243; _module_preset=&#8221;default&#8221; global_colors_info=&#8221;{}&#8221;][et_pb_blurb title=&#8221;Sales and service&#8221; use_icon=&#8221;on&#8221; font_icon=&#8221;&#xf7d9;||fa||900&#8243; icon_color=&#8221;#000000&#8243; image_icon_background_color=&#8221;RGBA(255,255,255,0)&#8221; image_icon_width=&#8221;50px&#8221; admin_label=&#8221;Email&#8221; _builder_version=&#8221;4.27.5&#8243; _module_preset=&#8221;default&#8221; header_level=&#8221;h5&#8243; header_text_align=&#8221;center&#8221; header_text_color=&#8221;#000000&#8243; header_font_size=&#8221;26px&#8221; body_text_align=&#8221;center&#8221; body_text_color=&#8221;#000000&#8243; body_link_text_align=&#8221;center&#8221; body_link_text_color=&#8221;#FFFFFF&#8221; background_color=&#8221;#ffcc00&#8243; min_height=&#8221;520px&#8221; custom_padding=&#8221;20px|20px|20px|20px|true|true&#8221; hover_enabled=&#8221;0&#8243; header_font_size_tablet=&#8221;24px&#8221; header_font_size_phone=&#8221;22px&#8221; header_font_size_last_edited=&#8221;on|desktop&#8221; border_radii=&#8221;on|15px|15px|15px|15px&#8221; global_colors_info=&#8221;{}&#8221; background_color__hover=&#8221;#ff8f1f&#8221; background_enable_color__hover=&#8221;on&#8221; background__hover_enabled=&#8221;on|hover&#8221; sticky_enabled=&#8221;0&#8243;]<\/p>\n<p><a href=\"mailto:servis@hittner.hr\">servis@hittner.hr<\/a><\/p>\n<p><strong>Luka Botin\u010dan<\/strong><br \/><a href=\"mailto:luka.botincan@hittner.hr\">luka.botincan@hittner.hr<\/a><br \/><a href=\"tel:+%20385 98 391 115\">+ 385 98 391 115<\/a><\/p>\n<p>[\/et_pb_blurb][\/et_pb_column][et_pb_column type=&#8221;1_4&#8243; _builder_version=&#8221;4.27.4&#8243; _module_preset=&#8221;default&#8221; global_colors_info=&#8221;{}&#8221;][et_pb_blurb title=&#8221;Purchasing&#8221; use_icon=&#8221;on&#8221; font_icon=&#8221;&#xf007;||fa||900&#8243; icon_color=&#8221;#000000&#8243; image_icon_background_color=&#8221;RGBA(255,255,255,0)&#8221; image_icon_width=&#8221;50px&#8221; admin_label=&#8221;Address&#8221; _builder_version=&#8221;4.27.5&#8243; _module_preset=&#8221;default&#8221; header_level=&#8221;h5&#8243; header_text_align=&#8221;center&#8221; header_text_color=&#8221;#000000&#8243; header_font_size=&#8221;26px&#8221; body_text_align=&#8221;center&#8221; body_text_color=&#8221;#000000&#8243; body_link_text_align=&#8221;center&#8221; body_link_text_color=&#8221;#FFFFFF&#8221; background_color=&#8221;#ffcc00&#8243; min_height=&#8221;520px&#8221; custom_padding=&#8221;20px|20px|20px|20px|true|true&#8221; hover_enabled=&#8221;0&#8243; header_font_size_tablet=&#8221;24px&#8221; header_font_size_phone=&#8221;22px&#8221; header_font_size_last_edited=&#8221;on|desktop&#8221; border_radii=&#8221;on|15px|15px|15px|15px&#8221; global_colors_info=&#8221;{}&#8221; background_color__hover=&#8221;#ff8f1f&#8221; background_enable_color__hover=&#8221;on&#8221; background__hover_enabled=&#8221;on|hover&#8221; sticky_enabled=&#8221;0&#8243;]<\/p>\n<p><strong>Darko Dragija<\/strong><br \/><a href=\"mailto:dragija@hittner.hr\">dragija@hittner.hr<\/a><br \/><a href=\"tel:+%20385 43 272 506\">+ 385 43 272 506<\/a><br \/><a href=\"tel:+%20385 99 7302769\">+ 385 99 7302769<\/a><\/p>\n<p>[\/et_pb_blurb][\/et_pb_column][et_pb_column type=&#8221;1_4&#8243; _builder_version=&#8221;4.27.4&#8243; _module_preset=&#8221;default&#8221; global_colors_info=&#8221;{}&#8221;][et_pb_blurb title=&#8221;Store&#8221; use_icon=&#8221;on&#8221; font_icon=&#8221;&#xf54f;||fa||900&#8243; icon_color=&#8221;#000000&#8243; image_icon_background_color=&#8221;RGBA(255,255,255,0)&#8221; image_icon_width=&#8221;50px&#8221; admin_label=&#8221;Address&#8221; _builder_version=&#8221;4.27.5&#8243; _module_preset=&#8221;default&#8221; header_level=&#8221;h5&#8243; header_text_align=&#8221;center&#8221; header_text_color=&#8221;#000000&#8243; header_font_size=&#8221;26px&#8221; body_text_align=&#8221;center&#8221; body_text_color=&#8221;#000000&#8243; body_link_text_align=&#8221;center&#8221; body_link_text_color=&#8221;#FFFFFF&#8221; background_color=&#8221;#ffcc00&#8243; min_height=&#8221;520px&#8221; custom_padding=&#8221;20px|20px|20px|20px|true|true&#8221; hover_enabled=&#8221;0&#8243; header_font_size_tablet=&#8221;24px&#8221; header_font_size_phone=&#8221;22px&#8221; header_font_size_last_edited=&#8221;on|desktop&#8221; border_radii=&#8221;on|15px|15px|15px|15px&#8221; global_colors_info=&#8221;{}&#8221; background_color__hover=&#8221;#ff8f1f&#8221; background_enable_color__hover=&#8221;on&#8221; background__hover_enabled=&#8221;on|hover&#8221; sticky_enabled=&#8221;0&#8243;]<\/p>\n<p><strong>Store Bjelovar<\/strong><br \/><a href=\"mailto:trgovina@hittner.hr\">trgovina@hittner.hr<\/a><br \/><a href=\"tel:+385%2043 272 526\">+385 43 272 526<\/a><br \/><a href=\"tel:+385%2099 200 0014\">+385 99 200 0014<\/a><\/p>\n<p>[\/et_pb_blurb][\/et_pb_column][\/et_pb_row][\/et_pb_section]<\/p>\n","protected":false},"excerpt":{"rendered":"<p><div class=\"et_pb_module dipl_double_color_heading dipl_double_color_heading_0 \">\n\t\t\t\t\n\t\t\t\t\n\t\t\t\t\n\t\t\t\t\n\t\t\t\t\n\t\t\t\t\n\t\t\t\t<div class=\"et_pb_module_inner\">\n\t\t\t\t\t<div class=\"dipl_text_wrapper\"><h1><span class=\"dipl_main_text\">Contact us<\/span><\/h1><\/div>\n\t\t\t\t<\/div>\n\t\t\t<\/div>+385 43 272 511info@hittner.hrPakra\u010dka ulica 10, Bjelovar, Hrvatskaprodaja@hittner.hr Luka Botin\u010danluka.botincan@hittner.hr+ 385 98 391 115 Marko Palijanmarko.palijan@hittner.hr+ 385 98 770 339 Nikola Grubi\u0161i\u0107nikola.grubisic@hittner.hr+ 385 98 983 0239servis@hittner.hr Luka Botin\u010danluka.botincan@hittner.hr+ [&hellip;]<\/p>\n","protected":false},"author":1,"featured_media":0,"parent":0,"menu_order":0,"comment_status":"closed","ping_status":"closed","template":"","meta":{"_et_pb_use_builder":"on","_et_pb_old_content":"","_et_gb_content_width":"","footnotes":""},"class_list":["post-100837","page","type-page","status-publish","hentry"],"_links":{"self":[{"href":"https:\/\/hittner.hr\/en\/wp-json\/wp\/v2\/pages\/100837","targetHints":{"allow":["GET"]}}],"collection":[{"href":"https:\/\/hittner.hr\/en\/wp-json\/wp\/v2\/pages"}],"about":[{"href":"https:\/\/hittner.hr\/en\/wp-json\/wp\/v2\/types\/page"}],"author":[{"embeddable":true,"href":"https:\/\/hittner.hr\/en\/wp-json\/wp\/v2\/users\/1"}],"replies":[{"embeddable":true,"href":"https:\/\/hittner.hr\/en\/wp-json\/wp\/v2\/comments?post=100837"}],"version-history":[{"count":6,"href":"https:\/\/hittner.hr\/en\/wp-json\/wp\/v2\/pages\/100837\/revisions"}],"predecessor-version":[{"id":101421,"href":"https:\/\/hittner.hr\/en\/wp-json\/wp\/v2\/pages\/100837\/revisions\/101421"}],"wp:attachment":[{"href":"https:\/\/hittner.hr\/en\/wp-json\/wp\/v2\/media?parent=100837"}],"curies":[{"name":"wp","href":"https:\/\/api.w.org\/{rel}","templated":true}]}}