{"id":101374,"date":"2025-12-14T21:25:08","date_gmt":"2025-12-14T21:25:08","guid":{"rendered":"https:\/\/hittner.hr\/trazimo-distributere\/"},"modified":"2025-12-16T21:00:01","modified_gmt":"2025-12-16T21:00:01","slug":"wir-suchen-haendler","status":"publish","type":"page","link":"https:\/\/hittner.hr\/de\/wir-suchen-haendler\/","title":{"rendered":"Wir suchen H\u00e4ndler"},"content":{"rendered":"<p>[et_pb_section fb_built=&#8220;1&#8243; _builder_version=&#8220;4.27.4&#8243; _module_preset=&#8220;default&#8220; background_color=&#8220;#000000&#8243; use_background_color_gradient=&#8220;on&#8220; background_color_gradient_type=&#8220;elliptical&#8220; background_color_gradient_stops=&#8220;rgba(255,255,255,0) 0%|#000000 51%&#8220; background_image=&#8220;https:\/\/hittner.hr\/wp-content\/uploads\/2025\/10\/strojna-obrada-2.webp&#8220; background_blend=&#8220;overlay&#8220; custom_padding=&#8220;||0px||false|false&#8220; locked=&#8220;off&#8220; global_colors_info=&#8220;{}&#8220;][et_pb_row _builder_version=&#8220;4.27.4&#8243; _module_preset=&#8220;default&#8220; global_colors_info=&#8220;{}&#8220;][et_pb_column type=&#8220;4_4&#8243; _builder_version=&#8220;4.27.4&#8243; _module_preset=&#8220;default&#8220; global_colors_info=&#8220;{}&#8220;][et_pb_text _builder_version=&#8220;4.27.4&#8243; _dynamic_attributes=&#8220;content&#8220; _module_preset=&#8220;default&#8220; text_font=&#8220;|600|||||||&#8220; text_text_color=&#8220;#ffcc00&#8243; text_orientation=&#8220;center&#8220; custom_margin=&#8220;||15px||false|false&#8220; global_colors_info=&#8220;{}&#8220;]@ET-DC@eyJkeW5hbWljIjp0cnVlLCJjb250ZW50IjoicG9zdF90aXRsZSIsInNldHRpbmdzIjp7ImJlZm9yZSI6IjxwPiIsImFmdGVyIjoiPC9wPiJ9fQ==@[\/et_pb_text][dipl_double_color_heading heading_pre_part=&#8220;Wir schaffen &#8220; heading_main_part=&#8220;Partnerschaften&#8220; admin_label=&#8220;Professional Driving Lessons for Every Skill Level&#8220; _builder_version=&#8220;4.27.5&#8243; _module_preset=&#8220;default&#8220; global_heading_settings_level=&#8220;h1&#8243; global_heading_settings_text_align=&#8220;center&#8220; pre_header_font=&#8220;|600|||||||&#8220; pre_header_text_color=&#8220;#FFFFFF&#8220; pre_header_font_size=&#8220;60px&#8220; main_header_font=&#8220;|600|||||||&#8220; main_header_text_align=&#8220;center&#8220; main_header_text_color=&#8220;#ffcc00&#8243; main_header_font_size=&#8220;60px&#8220; custom_margin=&#8220;||10px||false|false&#8220; hover_enabled=&#8220;0&#8243; pre_header_font_size_tablet=&#8220;50px&#8220; pre_header_font_size_phone=&#8220;44px&#8220; pre_header_font_size_last_edited=&#8220;on|phone&#8220; main_header_font_size_tablet=&#8220;50px&#8220; main_header_font_size_phone=&#8220;44px&#8220; main_header_font_size_last_edited=&#8220;on|phone&#8220; locked=&#8220;off&#8220; global_colors_info=&#8220;{}&#8220; sticky_enabled=&#8220;0&#8243;][\/dipl_double_color_heading][\/et_pb_column][\/et_pb_row][\/et_pb_section][et_pb_section fb_built=&#8220;1&#8243; _builder_version=&#8220;4.27.4&#8243; _module_preset=&#8220;default&#8220; background_color=&#8220;#000000&#8243; global_colors_info=&#8220;{}&#8220;][et_pb_row column_structure=&#8220;2_5,3_5&#8243; use_custom_gutter=&#8220;on&#8220; gutter_width=&#8220;2&#8243; _builder_version=&#8220;4.27.4&#8243; _module_preset=&#8220;default&#8220; custom_padding=&#8220;||||false|false&#8220; border_color_bottom=&#8220;rgba(166,3,33,0.3)&#8220; locked=&#8220;off&#8220; global_colors_info=&#8220;{}&#8220;][et_pb_column type=&#8220;2_5&#8243; _builder_version=&#8220;4.27.4&#8243; _module_preset=&#8220;default&#8220; border_color_right=&#8220;rgba(166,3,33,0.4)&#8220; global_colors_info=&#8220;{}&#8220;][dipl_separator use_with=&#8220;text&#8220; seprator_thickness=&#8220;2px&#8220; separator_color=&#8220;#fed42f&#8220; admin_label=&#8220;What We Offer&#8220; _builder_version=&#8220;4.27.5&#8243; _module_preset=&#8220;default&#8220; body_text_align=&#8220;right&#8220; body_text_color=&#8220;#FFFFFF&#8220; max_width=&#8220;190px&#8220; custom_margin=&#8220;||15px||false|false&#8220; hover_enabled=&#8220;0&#8243; locked=&#8220;off&#8220; global_colors_info=&#8220;{}&#8220; sticky_enabled=&#8220;0&#8243;]<\/p>\n<p>B2B<\/p>\n<p>[\/dipl_separator][dipl_double_color_heading heading_pre_part=&#8220;Wir suchen &#8220; heading_main_part=&#8220;Vertriebspartner&#8220; admin_label=&#8220;Safe, Professional, and Effective Training&#8220; _builder_version=&#8220;4.27.5&#8243; _module_preset=&#8220;default&#8220; global_heading_settings_text_align=&#8220;left&#8220; pre_header_font=&#8220;|600|||||||&#8220; pre_header_text_color=&#8220;#FFFFFF&#8220; pre_header_font_size=&#8220;44px&#8220; main_header_font=&#8220;|700|||||||&#8220; main_header_text_align=&#8220;center&#8220; main_header_text_color=&#8220;#FFFFFF&#8220; main_header_font_size=&#8220;44px&#8220; custom_margin=&#8220;||10px||false|false&#8220; hover_enabled=&#8220;0&#8243; pre_header_font_size_tablet=&#8220;40px&#8220; pre_header_font_size_phone=&#8220;36px&#8220; pre_header_font_size_last_edited=&#8220;on|desktop&#8220; main_header_font_size_tablet=&#8220;40px&#8220; main_header_font_size_phone=&#8220;36px&#8220; main_header_font_size_last_edited=&#8220;on|desktop&#8220; locked=&#8220;off&#8220; global_colors_info=&#8220;{}&#8220; sticky_enabled=&#8220;0&#8243;][\/dipl_double_color_heading][et_pb_text _builder_version=&#8220;4.27.5&#8243; _module_preset=&#8220;default&#8220; text_text_color=&#8220;#cccccc&#8220; hover_enabled=&#8220;0&#8243; locked=&#8220;off&#8220; global_colors_info=&#8220;{}&#8220; sticky_enabled=&#8220;0&#8243;]<\/p>\n<p>Aufgrund der kontinuierlichen Expansion unseres Unternehmens und der steigenden Nachfrage nach HITTNER-Produkten in Europa suchen wir zuverl\u00e4ssige und langfristige Vertriebspartner, die gemeinsam mit uns den Markt f\u00fcr Forst- und Landmaschinen weiterentwickeln m\u00f6chten.<\/p>\n<p>Wir bieten:<\/p>\n<p style=\"padding-left: 40px;\"><strong>\u2022 Vertriebsrechte f\u00fcr einen definierten Markt<\/strong><\/p>\n<p style=\"padding-left: 40px;\"><strong>\u2022 Hochwertige, bew\u00e4hrte Produkte aus Kroatien<\/strong><\/p>\n<p style=\"padding-left: 40px;\"><strong>\u2022 Marketing- und technischer Support<\/strong><\/p>\n<p style=\"padding-left: 40px;\"><strong>\u2022 Attraktive Einkaufs- und Kooperationsbedingungen<\/strong><\/p>\n<p style=\"padding-left: 40px;\"><strong>\u2022 Langfristige Wachstums &#8211; und Entwicklungsm\u00f6glichkeiten<\/strong><\/p>\n<p>Wenn Sie an einer Partnerschaft mit einem renommierten Hersteller interessiert sind und Teil des HITTNER-Vertriebsnetzes werden m\u00f6chten, kontaktieren Sie uns und erfahren Sie mehr \u00fcber die Kooperationsm\u00f6glichkeiten.<\/p>\n<p>[\/et_pb_text][\/et_pb_column][et_pb_column type=&#8220;3_5&#8243; _builder_version=&#8220;4.27.4&#8243; _module_preset=&#8220;default&#8220; border_color_right=&#8220;rgba(166,3,33,0.4)&#8220; global_colors_info=&#8220;{}&#8220;][et_pb_image src=&#8220;https:\/\/hittner.hr\/wp-content\/uploads\/2025\/12\/Hittner-traktori.webp&#8220; title_text=&#8220;Hittner-traktori&#8220; _builder_version=&#8220;4.27.5&#8243; _module_preset=&#8220;default&#8220; border_radii=&#8220;on|15px|15px|15px|15px&#8220; global_colors_info=&#8220;{}&#8220;][\/et_pb_image][\/et_pb_column][\/et_pb_row][et_pb_row column_structure=&#8220;1_2,1_2&#8243; use_custom_gutter=&#8220;on&#8220; gutter_width=&#8220;2&#8243; _builder_version=&#8220;4.27.4&#8243; _module_preset=&#8220;default&#8220; background_enable_color=&#8220;off&#8220; custom_margin=&#8220;20px||||false|false&#8220; custom_padding=&#8220;|40px||40px|false|true&#8220; border_radii=&#8220;on|12px|12px|12px|12px&#8220; border_color_all=&#8220;rgba(255,255,255,0.4)&#8220; locked=&#8220;off&#8220; global_colors_info=&#8220;{}&#8220;][et_pb_column type=&#8220;1_2&#8243; _builder_version=&#8220;4.27.4&#8243; _module_preset=&#8220;default&#8220; global_colors_info=&#8220;{}&#8220;][et_pb_blurb title=&#8220;Telefon&#8220; use_icon=&#8220;on&#8220; font_icon=&#8220;&#xe090;||divi||400&#8243; icon_color=&#8220;#000000&#8243; image_icon_background_color=&#8220;RGBA(255,255,255,0)&#8220; image_icon_width=&#8220;50px&#8220; admin_label=&#8220;Phone&#8220; _builder_version=&#8220;4.27.5&#8243; _module_preset=&#8220;default&#8220; header_level=&#8220;h5&#8243; header_text_align=&#8220;center&#8220; header_text_color=&#8220;#000000&#8243; header_font_size=&#8220;26px&#8220; body_text_align=&#8220;center&#8220; body_text_color=&#8220;#000000&#8243; body_link_text_align=&#8220;center&#8220; body_link_text_color=&#8220;#FFFFFF&#8220; background_color=&#8220;#ffcc00&#8243; custom_padding=&#8220;20px|20px|20px|20px|true|true&#8220; hover_enabled=&#8220;0&#8243; header_font_size_tablet=&#8220;24px&#8220; header_font_size_phone=&#8220;22px&#8220; header_font_size_last_edited=&#8220;on|desktop&#8220; border_radii=&#8220;on|15px|15px|15px|15px&#8220; global_colors_info=&#8220;{}&#8220; background__hover_enabled=&#8220;on|hover&#8220; background_color__hover=&#8220;#ff8f1f&#8220; background_enable_color__hover=&#8220;on&#8220; sticky_enabled=&#8220;0&#8243;]<\/p>\n<p><span style=\"color: #333333;\">+385 43 272 511<\/span><\/p>\n<p>[\/et_pb_blurb][\/et_pb_column][et_pb_column type=&#8220;1_2&#8243; _builder_version=&#8220;4.27.4&#8243; _module_preset=&#8220;default&#8220; global_colors_info=&#8220;{}&#8220;][et_pb_blurb title=&#8220;E-mail&#8220; use_icon=&#8220;on&#8220; font_icon=&#8220;&#xe076;||divi||400&#8243; icon_color=&#8220;#000000&#8243; image_icon_background_color=&#8220;RGBA(255,255,255,0)&#8220; image_icon_width=&#8220;50px&#8220; admin_label=&#8220;Email&#8220; _builder_version=&#8220;4.27.5&#8243; _module_preset=&#8220;default&#8220; header_level=&#8220;h5&#8243; header_text_align=&#8220;center&#8220; header_text_color=&#8220;#000000&#8243; header_font_size=&#8220;26px&#8220; body_text_align=&#8220;center&#8220; body_text_color=&#8220;#000000&#8243; body_link_text_align=&#8220;center&#8220; body_link_text_color=&#8220;#FFFFFF&#8220; background_color=&#8220;#ffcc00&#8243; custom_padding=&#8220;20px|20px|20px|20px|true|true&#8220; header_font_size_tablet=&#8220;24px&#8220; header_font_size_phone=&#8220;22px&#8220; header_font_size_last_edited=&#8220;on|desktop&#8220; border_radii=&#8220;on|15px|15px|15px|15px&#8220; global_colors_info=&#8220;{}&#8220; background_color__hover=&#8220;#ff8f1f&#8220; background_enable_color__hover=&#8220;on&#8220; background__hover_enabled=&#8220;on|hover&#8220;]<\/p>\n<p><a href=\"mailto:prodaja@hittner.hr\">prodaja@hittner.hr<\/a><\/p>\n<p>[\/et_pb_blurb][\/et_pb_column][\/et_pb_row][\/et_pb_section]<\/p>\n","protected":false},"excerpt":{"rendered":"<p><div class=\"et_pb_module dipl_double_color_heading dipl_double_color_heading_0 \">\n\t\t\t\t\n\t\t\t\t\n\t\t\t\t\n\t\t\t\t\n\t\t\t\t\n\t\t\t\t\n\t\t\t\t<div class=\"et_pb_module_inner\">\n\t\t\t\t\t<div class=\"dipl_text_wrapper\"><h1><span class=\"dipl_pre_text\">Wir schaffen<\/span><span class=\"dipl_main_text\">Partnerschaften<\/span><\/h1><\/div>\n\t\t\t\t<\/div>\n\t\t\t<\/div><div class=\"et_pb_module dipl_separator dipl_separator_0\">\n\t\t\t\t\n\t\t\t\t\n\t\t\t\t\n\t\t\t\t\n\t\t\t\t\n\t\t\t\t\n\t\t\t\t<div class=\"et_pb_module_inner\">\n\t\t\t\t\t<div class=\"dipl_separator_container align_right\">\n\t\t\t\t\t\t\t\t\t<div class=\"dipl_line dipl_line_before\"><\/div>\n\t\t\t\t\t\t\t\t\t\t<div class=\"dipl-text-wrapper\">B2B<\/div>\n\t\t\t\t\t\t\t\t\t\t\n\t\t\t\t\t\t\t\t\t\t\n\t\t\t\t\t\t\t\t\t<div class=\"dipl_line dipl_line_after\"><\/div>\n\t\t\t\t\t\t\t\t<\/div>\n\t\t\t\t<\/div>\n\t\t\t<\/div><div class=\"et_pb_module dipl_double_color_heading dipl_double_color_heading_1 \">\n\t\t\t\t\n\t\t\t\t\n\t\t\t\t\n\t\t\t\t\n\t\t\t\t\n\t\t\t\t\n\t\t\t\t<div class=\"et_pb_module_inner\">\n\t\t\t\t\t<div class=\"dipl_text_wrapper\"><h2><span class=\"dipl_pre_text\">&#8220;Wir<\/span><span class=\"dipl_main_text\">&#8220;Vertriebspartner&#8220;<\/span><\/h2><\/div>\n\t\t\t\t<\/div>\n\t\t\t<\/div><\/p>\n","protected":false},"author":1,"featured_media":0,"parent":0,"menu_order":0,"comment_status":"closed","ping_status":"closed","template":"","meta":{"_et_pb_use_builder":"on","_et_pb_old_content":"","_et_gb_content_width":"","footnotes":""},"class_list":["post-101374","page","type-page","status-publish","hentry"],"_links":{"self":[{"href":"https:\/\/hittner.hr\/de\/wp-json\/wp\/v2\/pages\/101374","targetHints":{"allow":["GET"]}}],"collection":[{"href":"https:\/\/hittner.hr\/de\/wp-json\/wp\/v2\/pages"}],"about":[{"href":"https:\/\/hittner.hr\/de\/wp-json\/wp\/v2\/types\/page"}],"author":[{"embeddable":true,"href":"https:\/\/hittner.hr\/de\/wp-json\/wp\/v2\/users\/1"}],"replies":[{"embeddable":true,"href":"https:\/\/hittner.hr\/de\/wp-json\/wp\/v2\/comments?post=101374"}],"version-history":[{"count":5,"href":"https:\/\/hittner.hr\/de\/wp-json\/wp\/v2\/pages\/101374\/revisions"}],"predecessor-version":[{"id":101400,"href":"https:\/\/hittner.hr\/de\/wp-json\/wp\/v2\/pages\/101374\/revisions\/101400"}],"wp:attachment":[{"href":"https:\/\/hittner.hr\/de\/wp-json\/wp\/v2\/media?parent=101374"}],"curies":[{"name":"wp","href":"https:\/\/api.w.org\/{rel}","templated":true}]}}