{"id":101370,"date":"2025-12-14T20:37:34","date_gmt":"2025-12-14T20:37:34","guid":{"rendered":"https:\/\/hittner.hr\/o-nama\/"},"modified":"2025-12-16T21:45:38","modified_gmt":"2025-12-16T21:45:38","slug":"ueber-uns","status":"publish","type":"page","link":"https:\/\/hittner.hr\/de\/ueber-uns\/","title":{"rendered":"\u00dcber uns"},"content":{"rendered":"<p>[et_pb_section fb_built=&#8220;1&#8243; custom_padding_last_edited=&#8220;on|tablet&#8220; next_background_color=&#8220;#000000&#8243; disabled_on=&#8220;off|off|off&#8220; module_id=&#8220;hittnervideo&#8220; _builder_version=&#8220;4.27.5&#8243; _module_preset=&#8220;default&#8220; background_enable_color=&#8220;off&#8220; background_image=&#8220;https:\/\/hittner.hr\/wp-content\/uploads\/2025\/12\/Hittner-traktori.webp&#8220; background_enable_video_mp4=&#8220;off&#8220; custom_padding=&#8220;80px||80px||true|false&#8220; custom_padding_tablet=&#8220;30px||30px||true|false&#8220; custom_padding_phone=&#8220;30px||30px||true|false&#8220; bottom_divider_style=&#8220;curve&#8220; bottom_divider_height_tablet=&#8220;140px&#8220; bottom_divider_height_phone=&#8220;60px&#8220; bottom_divider_height_last_edited=&#8220;on|phone&#8220; global_colors_info=&#8220;{}&#8220;][et_pb_row column_structure=&#8220;1_2,1_2&#8243; _builder_version=&#8220;4.27.4&#8243; _module_preset=&#8220;default&#8220; min_height=&#8220;450px&#8220; global_colors_info=&#8220;{}&#8220;][et_pb_column type=&#8220;1_2&#8243; _builder_version=&#8220;4.27.4&#8243; _module_preset=&#8220;default&#8220; global_colors_info=&#8220;{}&#8220;][dipl_double_color_heading heading_pre_part=&#8220;O &#8220; heading_main_part=&#8220;nama&#8220; disabled_on=&#8220;on|on|on&#8220; admin_label=&#8220;Drive Smart&#8220; _builder_version=&#8220;4.27.5&#8243; _module_preset=&#8220;default&#8220; global_heading_settings_level=&#8220;h1&#8243; pre_header_font=&#8220;|700|||||||&#8220; pre_header_text_color=&#8220;#000000&#8243; pre_header_font_size=&#8220;100px&#8220; main_header_font=&#8220;|700|||||||&#8220; main_header_text_color=&#8220;#ff8f1f&#8220; main_header_font_size=&#8220;100px&#8220; custom_margin=&#8220;||5px||false|false&#8220; pre_header_font_size_tablet=&#8220;80px&#8220; pre_header_font_size_phone=&#8220;50px&#8220; pre_header_font_size_last_edited=&#8220;on|phone&#8220; main_header_font_size_tablet=&#8220;80px&#8220; main_header_font_size_phone=&#8220;50px&#8220; main_header_font_size_last_edited=&#8220;on|phone&#8220; disabled=&#8220;on&#8220; global_colors_info=&#8220;{}&#8220; pre_header_line_height_tablet=&#8220;&#8220; pre_header_line_height_phone=&#8220;1.3em&#8220; pre_header_line_height_last_edited=&#8220;on|phone&#8220; main_header_line_height_tablet=&#8220;&#8220; main_header_line_height_phone=&#8220;1.3em&#8220; main_header_line_height_last_edited=&#8220;on|phone&#8220;][\/dipl_double_color_heading][\/et_pb_column][et_pb_column type=&#8220;1_2&#8243; _builder_version=&#8220;4.27.4&#8243; _module_preset=&#8220;default&#8220; global_colors_info=&#8220;{}&#8220;][\/et_pb_column][\/et_pb_row][\/et_pb_section][et_pb_section fb_built=&#8220;1&#8243; _builder_version=&#8220;4.27.4&#8243; _module_preset=&#8220;default&#8220; background_color=&#8220;#000000&#8243; custom_padding=&#8220;||0px||false|false&#8220; locked=&#8220;off&#8220; global_colors_info=&#8220;{}&#8220;][et_pb_row _builder_version=&#8220;4.27.4&#8243; _module_preset=&#8220;default&#8220; global_colors_info=&#8220;{}&#8220;][et_pb_column type=&#8220;4_4&#8243; _builder_version=&#8220;4.27.4&#8243; _module_preset=&#8220;default&#8220; global_colors_info=&#8220;{}&#8220;][dipl_separator use_with=&#8220;text&#8220; seprator_thickness=&#8220;2px&#8220; separator_color=&#8220;#ffcc00&#8243; admin_label=&#8220;Our Work Process&#8220; _builder_version=&#8220;4.27.4&#8243; _module_preset=&#8220;default&#8220; body_text_align=&#8220;center&#8220; body_text_color=&#8220;#FFFFFF&#8220; max_width=&#8220;270px&#8220; module_alignment=&#8220;center&#8220; custom_margin=&#8220;||15px||false|false&#8220; global_colors_info=&#8220;{}&#8220;]<\/p>\n<p>Hittner<\/p>\n<p>[\/dipl_separator][dipl_double_color_heading heading_pre_part=&#8220;\u00dcber&#8220; heading_main_part=&#8220; uns&#8220; admin_label=&#8220;How Our Driving Lessons Work&#8220; _builder_version=&#8220;4.27.5&#8243; _module_preset=&#8220;default&#8220; global_heading_settings_text_align=&#8220;center&#8220; pre_header_font=&#8220;|600|||||||&#8220; pre_header_text_color=&#8220;#FFFFFF&#8220; pre_header_font_size=&#8220;44px&#8220; main_header_font=&#8220;|700|||||||&#8220; main_header_text_align=&#8220;center&#8220; main_header_text_color=&#8220;#FFFFFF&#8220; main_header_font_size=&#8220;44px&#8220; custom_margin=&#8220;||10px||false|false&#8220; pre_header_font_size_tablet=&#8220;40px&#8220; pre_header_font_size_phone=&#8220;36px&#8220; pre_header_font_size_last_edited=&#8220;on|desktop&#8220; main_header_font_size_tablet=&#8220;40px&#8220; main_header_font_size_phone=&#8220;36px&#8220; main_header_font_size_last_edited=&#8220;on|desktop&#8220; global_colors_info=&#8220;{}&#8220;][\/dipl_double_color_heading][et_pb_text _builder_version=&#8220;4.27.5&#8243; _module_preset=&#8220;default&#8220; text_text_color=&#8220;#cccccc&#8220; text_orientation=&#8220;center&#8220; max_width=&#8220;750px&#8220; module_alignment=&#8220;center&#8220; global_colors_info=&#8220;{}&#8220;]<\/p>\n<p>HITTNER d.o.o. aus Bjelovar ist ein renommierter kroatischer Hersteller von Forstschleppern (R\u00fcckeschleppern), Land- und Kommunalmaschinen, Anbauger\u00e4ten, landwirtschaftlichen Anh\u00e4ngern, Werkzeugen und Metallkomponenten f\u00fcr Traktoren, Erntemaschinen und andere Arbeitsmaschinen. Mit \u00fcber 38 Jahren Erfahrung in der Fertigung steht HITTNER f\u00fcr Qualit\u00e4t, Zuverl\u00e4ssigkeit und kroatisches Know-how im Bereich Forst- und Landmaschinen.<\/p>\n<p>Das Unternehmen besch\u00e4ftigt heute \u00fcber 80 Fachkr\u00e4fte und kooperiert aktiv mit Berufsschulen und Hochschulen durch fachliche und wissenschaftliche Projekte. Besonderer Wert wird auf Wissenstransfer, die F\u00f6rderung des Nachwuchses und die Bereitstellung von Praktikumspl\u00e4tzen f\u00fcr Sch\u00fcler und Studenten gelegt.<\/p>\n<p>[\/et_pb_text][\/et_pb_column][\/et_pb_row][\/et_pb_section][et_pb_section fb_built=&#8220;1&#8243; module_class=&#8220;dds-provide-section&#8220; _builder_version=&#8220;4.27.4&#8243; _module_preset=&#8220;default&#8220; background_color=&#8220;#000000&#8243; background_enable_image=&#8220;off&#8220; custom_padding=&#8220;||0px||false|false&#8220; locked=&#8220;off&#8220; global_colors_info=&#8220;{}&#8220;][et_pb_row column_structure=&#8220;2_5,3_5&#8243; custom_padding_last_edited=&#8220;on|tablet&#8220; _builder_version=&#8220;4.27.4&#8243; _module_preset=&#8220;default&#8220; width=&#8220;100%&#8220; custom_padding=&#8220;|||10%|false|false&#8220; custom_padding_tablet=&#8220;|10%||10%|false|false&#8220; custom_padding_phone=&#8220;|10%||10%|false|false&#8220; global_colors_info=&#8220;{}&#8220;][et_pb_column type=&#8220;2_5&#8243; _builder_version=&#8220;4.27.4&#8243; _module_preset=&#8220;default&#8220; global_colors_info=&#8220;{}&#8220;][dipl_separator use_with=&#8220;text&#8220; seprator_thickness=&#8220;2px&#8220; separator_color=&#8220;#fed42f&#8220; admin_label=&#8220;What We Offer&#8220; _builder_version=&#8220;4.27.5&#8243; _module_preset=&#8220;default&#8220; body_text_align=&#8220;right&#8220; body_text_color=&#8220;#FFFFFF&#8220; max_width=&#8220;190px&#8220; custom_margin=&#8220;||15px||false|false&#8220; global_colors_info=&#8220;{}&#8220;]<\/p>\n<p>Die Geschichte<\/p>\n<p>[\/dipl_separator][dipl_double_color_heading heading_pre_part=&#8220;Entwicklung &#8220; heading_main_part=&#8220;und Innovationen &#8220; admin_label=&#8220;Safe, Professional, and Effective Training&#8220; _builder_version=&#8220;4.27.5&#8243; _module_preset=&#8220;default&#8220; global_heading_settings_text_align=&#8220;left&#8220; pre_header_font=&#8220;|600|||||||&#8220; pre_header_text_color=&#8220;#FFFFFF&#8220; pre_header_font_size=&#8220;44px&#8220; main_header_font=&#8220;|700|||||||&#8220; main_header_text_align=&#8220;center&#8220; main_header_text_color=&#8220;#FFFFFF&#8220; main_header_font_size=&#8220;44px&#8220; custom_margin=&#8220;||10px||false|false&#8220; pre_header_font_size_tablet=&#8220;40px&#8220; pre_header_font_size_phone=&#8220;36px&#8220; pre_header_font_size_last_edited=&#8220;on|desktop&#8220; main_header_font_size_tablet=&#8220;40px&#8220; main_header_font_size_phone=&#8220;36px&#8220; main_header_font_size_last_edited=&#8220;on|desktop&#8220; global_colors_info=&#8220;{}&#8220;][\/dipl_double_color_heading][et_pb_text _builder_version=&#8220;4.27.5&#8243; _module_preset=&#8220;default&#8220; text_text_color=&#8220;#cccccc&#8220; global_colors_info=&#8220;{}&#8220;]<\/p>\n<p>Die Geschichte des Unternehmens beginnt im Jahr 1987 mit der Gr\u00fcndung eines Handwerksbetriebs, der 1995 in eine Kapitalgesellschaft umgewandelt wird. Die Hauptt\u00e4tigkeit der HITTNER d.o.o. ist die Entwicklung und Produktion von Forstschleppern sowie eines breiten Spektrums von Ausr\u00fcstungen f\u00fcr Landwirtschaft und Forstwirtschaft, einschlie\u00dflich Traktoren, Anbauger\u00e4ten, Anh\u00e4ngern, M\u00e4hwerken sowie Dienstleistungen der mechanischen Bearbeitung und Herstellung von Metallteilen wie Achsen, Wellen, Zylindern, Getrieben, Zahnr\u00e4dern, Kettenr\u00e4dern, Achsaggregaten und Komponenten f\u00fcr die Automobilindustrie und andere Industriezweige.<\/p>\n<p>In Zusammenarbeit mit der Forstfakult\u00e4t in Zagreb und dem Unternehmen Hrvatske \u0161ume wurde im Jahr 2000 der erste Forstschlepper ECOTRAC 33V entwickelt und auf den Markt gebracht, womit eine dynamische Entwicklung der eigenen Linie von Forstmaschinen begann. Heute bietet HITTNER moderne Modelle von forstlichen Knickschleppern an: ECOTRAC 60 (60 PS), ECOTRAC 60G (mit Greifer) und ECOTRAC 140 (140 PS). Alle Modelle sind mit Motoren gem\u00e4\u00df den STAGE\u2011V\u2011Normen ausgestattet und werden erfolgreich auf dem inl\u00e4ndischen wie auch auf den internationalen M\u00e4rkten verkauft.<\/p>\n<p><span>Im Jahr 2021 wurde das Unternehmen EKO ME\u0110IMURJE d.d. mit einem Anteil von 80% Mehrheitsgesellschafter. Damit wurde ein F\u00fcnfjahresplan zur Konsolidierung und Entwicklung aller Gesch\u00e4ftssegmente definiert, mit besonderem Fokus auf die St\u00e4rkung des Exports und der Pr\u00e4senz auf internationalen M\u00e4rkten, wobei der Export heute mehr als 40% der gesamten Unternehmensums\u00e4tze ausmacht.<\/span><\/p>\n<p>&nbsp;<\/p>\n<p>[\/et_pb_text][\/et_pb_column][et_pb_column type=&#8220;3_5&#8243; _builder_version=&#8220;4.27.4&#8243; _module_preset=&#8220;default&#8220; global_colors_info=&#8220;{}&#8220;][et_pb_image src=&#8220;https:\/\/hittner.hr\/wp-content\/uploads\/2025\/12\/Hittner-ecotrac-60G-02.webp&#8220; title_text=&#8220;Hittner-ecotrac-60G-02&#8243; _builder_version=&#8220;4.27.5&#8243; _module_preset=&#8220;default&#8220; border_radii=&#8220;on|20px|20px|20px|20px&#8220; global_colors_info=&#8220;{}&#8220;][\/et_pb_image][\/et_pb_column][\/et_pb_row][\/et_pb_section][et_pb_section fb_built=&#8220;1&#8243; module_class=&#8220;dds-provide-section&#8220; _builder_version=&#8220;4.27.4&#8243; _module_preset=&#8220;default&#8220; background_color=&#8220;#000000&#8243; background_enable_image=&#8220;off&#8220; custom_padding=&#8220;||0px||false|false&#8220; locked=&#8220;off&#8220; global_colors_info=&#8220;{}&#8220;][et_pb_row column_structure=&#8220;2_5,3_5&#8243; custom_padding_last_edited=&#8220;on|tablet&#8220; _builder_version=&#8220;4.27.4&#8243; _module_preset=&#8220;default&#8220; width=&#8220;100%&#8220; custom_padding=&#8220;|||10%|false|false&#8220; custom_padding_tablet=&#8220;|10%||10%|false|false&#8220; custom_padding_phone=&#8220;|10%||10%|false|false&#8220; global_colors_info=&#8220;{}&#8220;][et_pb_column type=&#8220;2_5&#8243; _builder_version=&#8220;4.27.4&#8243; _module_preset=&#8220;default&#8220; global_colors_info=&#8220;{}&#8220;][dipl_separator use_with=&#8220;text&#8220; seprator_thickness=&#8220;2px&#8220; separator_color=&#8220;#fed42f&#8220; admin_label=&#8220;What We Offer&#8220; _builder_version=&#8220;4.27.5&#8243; _module_preset=&#8220;default&#8220; body_text_align=&#8220;right&#8220; body_text_color=&#8220;#FFFFFF&#8220; max_width=&#8220;190px&#8220; custom_margin=&#8220;||15px||false|false&#8220; global_colors_info=&#8220;{}&#8220;]<\/p>\n<p><span>Die Entwicklung<\/span><\/p>\n<p>[\/dipl_separator][dipl_double_color_heading heading_pre_part=&#8220;Kapazit\u00e4ten und &#8220; heading_main_part=&#8220;Technologien&#8220; admin_label=&#8220;Safe, Professional, and Effective Training&#8220; _builder_version=&#8220;4.27.5&#8243; _module_preset=&#8220;default&#8220; global_heading_settings_text_align=&#8220;left&#8220; pre_header_font=&#8220;|600|||||||&#8220; pre_header_text_color=&#8220;#FFFFFF&#8220; pre_header_font_size=&#8220;44px&#8220; main_header_font=&#8220;|700|||||||&#8220; main_header_text_align=&#8220;center&#8220; main_header_text_color=&#8220;#FFFFFF&#8220; main_header_font_size=&#8220;44px&#8220; custom_margin=&#8220;||10px||false|false&#8220; pre_header_font_size_tablet=&#8220;40px&#8220; pre_header_font_size_phone=&#8220;36px&#8220; pre_header_font_size_last_edited=&#8220;on|desktop&#8220; main_header_font_size_tablet=&#8220;40px&#8220; main_header_font_size_phone=&#8220;36px&#8220; main_header_font_size_last_edited=&#8220;on|desktop&#8220; global_colors_info=&#8220;{}&#8220;][\/dipl_double_color_heading][et_pb_text _builder_version=&#8220;4.27.5&#8243; _module_preset=&#8220;default&#8220; text_text_color=&#8220;#cccccc&#8220; global_colors_info=&#8220;{}&#8220;]<\/p>\n<p>HITTNER d.o.o. verf\u00fcgt \u00fcber ein 20.000 m\u00b2 gro\u00dfes Grundst\u00fcck in der Industriezone von Bjelovar, wovon 7.000 m\u00b2 auf Produktionshallen entfallen. Der moderne Maschinenpark umfasst mehr als 60 Bearbeitungszentren, eine Schwei\u00dfabteilung, Strahlanlage und Lackiererei, eine Montageabteilung sowie ein gro\u00dfes Ersatzteillager.<\/p>\n<p>T\u00e4glicher Einsatz, Innovationskraft und Flexibilit\u00e4t bilden die Grundlage f\u00fcr den Erfolg des Unternehmens HITTNER. Langj\u00e4hrige Partner und zufriedene Kunden in Kroatien und im Ausland best\u00e4tigen das hohe Ma\u00df an Qualit\u00e4t und Professionalit\u00e4t.<\/p>\n<p>Ein kroatisches Produkt, schnelle Lieferung, st\u00e4ndige Verf\u00fcgbarkeit von Ersatzteilen, zuverl\u00e4ssiger After-Sales-Service und offene Kommunikation mit den Kunden sind die wichtigsten Vorteile des Unternehmens HITTNER d.o.o. und ein solides Fundament f\u00fcr die weitere Entwicklung zum Nutzen der Mitarbeiter, Partner, der lokalen und der breiteren Gemeinschaft sowie der Forst- und Landwirtschaftsbranche.<\/p>\n<p>&nbsp;<\/p>\n<p>[\/et_pb_text][\/et_pb_column][et_pb_column type=&#8220;3_5&#8243; _builder_version=&#8220;4.27.4&#8243; _module_preset=&#8220;default&#8220; global_colors_info=&#8220;{}&#8220;][et_pb_image src=&#8220;https:\/\/hittner.hr\/wp-content\/uploads\/2025\/12\/Hittner-iz-zraka.webp&#8220; title_text=&#8220;Hittner-iz-zraka&#8220; _builder_version=&#8220;4.27.5&#8243; _module_preset=&#8220;default&#8220; border_radii=&#8220;on|20px|20px|20px|20px&#8220; global_colors_info=&#8220;{}&#8220;][\/et_pb_image][\/et_pb_column][\/et_pb_row][\/et_pb_section]<\/p>\n","protected":false},"excerpt":{"rendered":"<p><div class=\"et_pb_module dipl_separator dipl_separator_0\">\n\t\t\t\t\n\t\t\t\t\n\t\t\t\t\n\t\t\t\t\n\t\t\t\t\n\t\t\t\t\n\t\t\t\t<div class=\"et_pb_module_inner\">\n\t\t\t\t\t<div class=\"dipl_separator_container align_center\">\n\t\t\t\t\t\t\t\t\t<div class=\"dipl_line dipl_line_before\"><\/div>\n\t\t\t\t\t\t\t\t\t\t<div class=\"dipl-text-wrapper\">Hittner<\/div>\n\t\t\t\t\t\t\t\t\t\t\n\t\t\t\t\t\t\t\t\t\t\n\t\t\t\t\t\t\t\t\t<div class=\"dipl_line dipl_line_after\"><\/div>\n\t\t\t\t\t\t\t\t<\/div>\n\t\t\t\t<\/div>\n\t\t\t<\/div><div class=\"et_pb_module dipl_double_color_heading dipl_double_color_heading_1 \">\n\t\t\t\t\n\t\t\t\t\n\t\t\t\t\n\t\t\t\t\n\t\t\t\t\n\t\t\t\t\n\t\t\t\t<div class=\"et_pb_module_inner\">\n\t\t\t\t\t<div class=\"dipl_text_wrapper\"><h2><span class=\"dipl_pre_text\">&#8220;\u00dcber&#8220;<\/span><span class=\"dipl_main_text\">&#8220;<\/span><\/h2><\/div>\n\t\t\t\t<\/div>\n\t\t\t<\/div><\/p>\n","protected":false},"author":1,"featured_media":0,"parent":0,"menu_order":0,"comment_status":"closed","ping_status":"closed","template":"","meta":{"_et_pb_use_builder":"on","_et_pb_old_content":"","_et_gb_content_width":"","footnotes":""},"class_list":["post-101370","page","type-page","status-publish","hentry"],"_links":{"self":[{"href":"https:\/\/hittner.hr\/de\/wp-json\/wp\/v2\/pages\/101370","targetHints":{"allow":["GET"]}}],"collection":[{"href":"https:\/\/hittner.hr\/de\/wp-json\/wp\/v2\/pages"}],"about":[{"href":"https:\/\/hittner.hr\/de\/wp-json\/wp\/v2\/types\/page"}],"author":[{"embeddable":true,"href":"https:\/\/hittner.hr\/de\/wp-json\/wp\/v2\/users\/1"}],"replies":[{"embeddable":true,"href":"https:\/\/hittner.hr\/de\/wp-json\/wp\/v2\/comments?post=101370"}],"version-history":[{"count":8,"href":"https:\/\/hittner.hr\/de\/wp-json\/wp\/v2\/pages\/101370\/revisions"}],"predecessor-version":[{"id":101418,"href":"https:\/\/hittner.hr\/de\/wp-json\/wp\/v2\/pages\/101370\/revisions\/101418"}],"wp:attachment":[{"href":"https:\/\/hittner.hr\/de\/wp-json\/wp\/v2\/media?parent=101370"}],"curies":[{"name":"wp","href":"https:\/\/api.w.org\/{rel}","templated":true}]}}