{"id":101055,"date":"2025-02-06T07:10:52","date_gmt":"2025-02-06T07:10:52","guid":{"rendered":"https:\/\/hittner.hr\/strojna-obrada\/"},"modified":"2025-12-14T20:15:25","modified_gmt":"2025-12-14T20:15:25","slug":"maschinenbearbeitung","status":"publish","type":"page","link":"https:\/\/hittner.hr\/de\/maschinenbearbeitung\/","title":{"rendered":"Maschinenbearbeitung"},"content":{"rendered":"<p>[et_pb_section fb_built=&#8220;1&#8243; _builder_version=&#8220;4.27.4&#8243; _module_preset=&#8220;default&#8220; background_color=&#8220;#000000&#8243; use_background_color_gradient=&#8220;on&#8220; background_color_gradient_type=&#8220;elliptical&#8220; background_color_gradient_stops=&#8220;rgba(255,255,255,0) 0%|#000000 51%&#8220; background_image=&#8220;https:\/\/hittner.hr\/wp-content\/uploads\/2025\/10\/strojna-obrada-2.webp&#8220; background_blend=&#8220;overlay&#8220; custom_padding=&#8220;||0px||false|false&#8220; locked=&#8220;off&#8220; global_colors_info=&#8220;{}&#8220;][et_pb_row _builder_version=&#8220;4.27.4&#8243; _module_preset=&#8220;default&#8220; global_colors_info=&#8220;{}&#8220;][et_pb_column type=&#8220;4_4&#8243; _builder_version=&#8220;4.27.4&#8243; _module_preset=&#8220;default&#8220; global_colors_info=&#8220;{}&#8220;][et_pb_text _builder_version=&#8220;4.27.4&#8243; _dynamic_attributes=&#8220;content&#8220; _module_preset=&#8220;default&#8220; text_font=&#8220;|600|||||||&#8220; text_text_color=&#8220;#ffcc00&#8243; text_orientation=&#8220;center&#8220; custom_margin=&#8220;||15px||false|false&#8220; global_colors_info=&#8220;{}&#8220;]@ET-DC@eyJkeW5hbWljIjp0cnVlLCJjb250ZW50IjoicG9zdF90aXRsZSIsInNldHRpbmdzIjp7ImJlZm9yZSI6IjxwPiIsImFmdGVyIjoiPC9wPiJ9fQ==@[\/et_pb_text][dipl_double_color_heading heading_pre_part=&#8220;Metallbearbeitung \u2013 &#8220; heading_main_part=&#8220;Dienstleistung, Produktion und Kooperation&#8220; admin_label=&#8220;Professional Driving Lessons for Every Skill Level&#8220; _builder_version=&#8220;4.27.5&#8243; _module_preset=&#8220;default&#8220; global_heading_settings_level=&#8220;h1&#8243; global_heading_settings_text_align=&#8220;center&#8220; pre_header_font=&#8220;|600|||||||&#8220; pre_header_text_color=&#8220;#FFFFFF&#8220; pre_header_font_size=&#8220;60px&#8220; main_header_font=&#8220;|600|||||||&#8220; main_header_text_align=&#8220;center&#8220; main_header_text_color=&#8220;#ffcc00&#8243; main_header_font_size=&#8220;60px&#8220; custom_margin=&#8220;||10px||false|false&#8220; pre_header_font_size_tablet=&#8220;50px&#8220; pre_header_font_size_phone=&#8220;44px&#8220; pre_header_font_size_last_edited=&#8220;on|phone&#8220; main_header_font_size_tablet=&#8220;50px&#8220; main_header_font_size_phone=&#8220;44px&#8220; main_header_font_size_last_edited=&#8220;on|phone&#8220; locked=&#8220;off&#8220; global_colors_info=&#8220;{}&#8220;][\/dipl_double_color_heading][\/et_pb_column][\/et_pb_row][\/et_pb_section][et_pb_section fb_built=&#8220;1&#8243; _builder_version=&#8220;4.27.4&#8243; _module_preset=&#8220;default&#8220; background_color=&#8220;#000000&#8243; global_colors_info=&#8220;{}&#8220;][et_pb_row column_structure=&#8220;2_5,3_5&#8243; use_custom_gutter=&#8220;on&#8220; gutter_width=&#8220;2&#8243; _builder_version=&#8220;4.27.4&#8243; _module_preset=&#8220;default&#8220; custom_padding=&#8220;||||false|false&#8220; border_color_bottom=&#8220;rgba(166,3,33,0.3)&#8220; locked=&#8220;off&#8220; global_colors_info=&#8220;{}&#8220;][et_pb_column type=&#8220;2_5&#8243; _builder_version=&#8220;4.27.4&#8243; _module_preset=&#8220;default&#8220; border_color_right=&#8220;rgba(166,3,33,0.4)&#8220; global_colors_info=&#8220;{}&#8220;][dipl_separator use_with=&#8220;text&#8220; seprator_thickness=&#8220;2px&#8220; separator_color=&#8220;#fed42f&#8220; admin_label=&#8220;What We Offer&#8220; _builder_version=&#8220;4.27.5&#8243; _module_preset=&#8220;default&#8220; body_text_align=&#8220;right&#8220; body_text_color=&#8220;#FFFFFF&#8220; max_width=&#8220;220px&#8220; custom_margin=&#8220;||15px||false|false&#8220; locked=&#8220;off&#8220; global_colors_info=&#8220;{}&#8220;]<\/p>\n<p>B2B-Partnerschaften<\/p>\n<p>[\/dipl_separator][dipl_double_color_heading heading_pre_part=&#8220;Professionelle &#8220; heading_main_part=&#8220;Bearbeitungsdienstleistungen&#8220; admin_label=&#8220;Safe, Professional, and Effective Training&#8220; _builder_version=&#8220;4.27.5&#8243; _module_preset=&#8220;default&#8220; global_heading_settings_text_align=&#8220;left&#8220; pre_header_font=&#8220;|600|||||||&#8220; pre_header_text_color=&#8220;#FFFFFF&#8220; pre_header_font_size=&#8220;44px&#8220; main_header_font=&#8220;|700|||||||&#8220; main_header_text_align=&#8220;center&#8220; main_header_text_color=&#8220;#FFFFFF&#8220; main_header_font_size=&#8220;36px&#8220; custom_margin=&#8220;||10px||false|false&#8220; hover_enabled=&#8220;0&#8243; pre_header_font_size_tablet=&#8220;40px&#8220; pre_header_font_size_phone=&#8220;36px&#8220; pre_header_font_size_last_edited=&#8220;on|desktop&#8220; main_header_font_size_tablet=&#8220;40px&#8220; main_header_font_size_phone=&#8220;36px&#8220; main_header_font_size_last_edited=&#8220;on|desktop&#8220; locked=&#8220;off&#8220; global_colors_info=&#8220;{}&#8220; sticky_enabled=&#8220;0&#8243;][\/dipl_double_color_heading][et_pb_text _builder_version=&#8220;4.27.5&#8243; _module_preset=&#8220;default&#8220; text_text_color=&#8220;#cccccc&#8220; locked=&#8220;off&#8220; global_colors_info=&#8220;{}&#8220;]<\/p>\n<p>Wir bieten Dienstleistungen in den Bereichen Fertigung, Bearbeitung und Zusammenarbeit f\u00fcr Unternehmen und Privatkunden der metallverarbeitenden Industrie. Dabei st\u00fctzen wir uns auf einen modernen Maschinenpark und langj\u00e4hrige Erfahrung in der Feinmechanik. Dank unserer hohen Fachkompetenz und Organisation erhalten unsere Kunden flexible und zuverl\u00e4ssige Unterst\u00fctzung in allen Phasen der Teile- und Baugruppenfertigung \u2013 von der Idee und Zeichnung bis zum fertigen Produkt.<\/p>\n<p>Folgende Bearbeitungsdienstleistungen werden angeboten:<\/p>\n<p>&nbsp;<\/p>\n<ul>\n<li><strong>Fr\u00e4sen<\/strong><\/li>\n<li><strong>Drehen<\/strong><\/li>\n<li><strong>Bohren<\/strong><\/li>\n<li><strong>Biegen<\/strong><\/li>\n<li><strong>R\u00e4umen<\/strong><\/li>\n<li><strong>Strahlen<\/strong><\/li>\n<li><strong>Lackieren<\/strong><\/li>\n<\/ul>\n<p>[\/et_pb_text][\/et_pb_column][et_pb_column type=&#8220;3_5&#8243; _builder_version=&#8220;4.27.4&#8243; _module_preset=&#8220;default&#8220; border_color_right=&#8220;rgba(166,3,33,0.4)&#8220; global_colors_info=&#8220;{}&#8220;][et_pb_image src=&#8220;https:\/\/hittner.hr\/wp-content\/uploads\/2025\/10\/strojna-obrada-2.webp&#8220; title_text=&#8220;strojna-obrada-2&#8243; _builder_version=&#8220;4.27.4&#8243; _module_preset=&#8220;default&#8220; border_radii=&#8220;on|15px|15px|15px|15px&#8220; global_colors_info=&#8220;{}&#8220;][\/et_pb_image][\/et_pb_column][\/et_pb_row][et_pb_row column_structure=&#8220;1_3,1_3,1_3&#8243; use_custom_gutter=&#8220;on&#8220; gutter_width=&#8220;2&#8243; _builder_version=&#8220;4.27.4&#8243; _module_preset=&#8220;default&#8220; custom_padding=&#8220;||||false|false&#8220; border_color_bottom=&#8220;rgba(166,3,33,0.3)&#8220; locked=&#8220;off&#8220; global_colors_info=&#8220;{}&#8220;][et_pb_column type=&#8220;1_3&#8243; _builder_version=&#8220;4.27.4&#8243; _module_preset=&#8220;default&#8220; border_color_right=&#8220;rgba(166,3,33,0.4)&#8220; global_colors_info=&#8220;{}&#8220;][dipl_flipbox front_title=&#8220;Fertigung von Zahnr\u00e4dern und anderen Teilen&#8220; front_use_icon=&#8220;on&#8220; front_font_icon=&#8220;&#xf013;||fa||900&#8243; back_background_color=&#8220;#ffcc00&#8243; front_icon_color=&#8220;#FFFFFF&#8220; front_use_icon_font_size=&#8220;on&#8220; front_icon_font_size=&#8220;40px&#8220; front_style_icon=&#8220;on&#8220; front_icon_shape=&#8220;use_circle&#8220; front_shape_color=&#8220;#ffcc00&#8243; flipbox_min_height=&#8220;260px&#8220; admin_label=&#8220;Learner\u2019s Permit Assistance&#8220; front_background_use_color_gradient=&#8220;on&#8220; front_background_image=&#8220;https:\/\/hittner.hr\/wp-content\/uploads\/2025\/10\/strojna-obrada-2.webp&#8220; _builder_version=&#8220;4.27.5&#8243; _module_preset=&#8220;default&#8220; front_header_font=&#8220;|600|||||||&#8220; front_header_text_color=&#8220;#FFFFFF&#8220; front_header_font_size=&#8220;26px&#8220; front_body_font=&#8220;||||||||&#8220; front_body_text_color=&#8220;#000000&#8243; back_header_text_color=&#8220;#000000&#8243; back_body_text_color=&#8220;#000000&#8243; background_enable_color=&#8220;off&#8220; back_button_icon_color=&#8220;#ff8f1f&#8220; back_button_on_hover=&#8220;off&#8220; custom_padding=&#8220;50px|20px|50px|20px|true|true&#8220; front_header_font_size_tablet=&#8220;22px&#8220; front_header_font_size_phone=&#8220;20px&#8220; front_header_font_size_last_edited=&#8220;on|desktop&#8220; front_header_text_shadow_style=&#8220;preset1&#8243; front_header_text_shadow_blur_strength=&#8220;0.23em&#8220; front_header_text_shadow_color=&#8220;#000000&#8243; border_radii_front_box=&#8220;on|15px|15px|15px|15px&#8220; border_width_all_front_box=&#8220;1px&#8220; border_color_all_front_box=&#8220;rgba(255,255,255,0.4)&#8220; border_radii_back_box=&#8220;on|15px|15px|15px|15px&#8220; border_width_all_back_box=&#8220;1px&#8220; border_color_all_back_box=&#8220;rgba(255,255,255,0.4)&#8220; global_colors_info=&#8220;{}&#8220; back_button_bg_color__hover_enabled=&#8220;on|hover&#8220; back_button_bg_color__hover=&#8220;#000000&#8243; back_button_bg_enable_color__hover=&#8220;on&#8220; back_button_text_color__hover_enabled=&#8220;on|hover&#8220; back_button_text_color__hover=&#8220;#FFFFFF&#8220; back_button_icon_color__hover_enabled=&#8220;on|hover&#8220; back_button_icon_color__hover=&#8220;#FFFFFF&#8220;]<\/p>\n<p>Fertigung von Zahnr\u00e4dern, Kettenr\u00e4dern, Schneckenr\u00e4dern, Wellen, Getrieben und anderen Konstruktionen.<br \/>Produktion nach Zeichnungen oder Mustern, von Einzelst\u00fccken bis hin zu Serienfertigung.<\/p>\n<p>[\/dipl_flipbox][\/et_pb_column][et_pb_column type=&#8220;1_3&#8243; _builder_version=&#8220;4.27.4&#8243; _module_preset=&#8220;default&#8220; border_color_right=&#8220;rgba(166,3,33,0.4)&#8220; global_colors_info=&#8220;{}&#8220;][dipl_flipbox front_title=&#8220;Herstellung von Gummi- und Metallprodukten&#8220; front_use_icon=&#8220;on&#8220; front_font_icon=&#8220;&#xf56a;||fa||900&#8243; back_image_alt=&#8220;Kombinirani guma\u2013metal elementi za strojarstvo i vozila, poput podmeta\u010da, nosa\u010da i amortizera vibracija.&#8220; back_background_color=&#8220;#ffcc00&#8243; front_icon_color=&#8220;#FFFFFF&#8220; front_use_icon_font_size=&#8220;on&#8220; front_icon_font_size=&#8220;40px&#8220; front_style_icon=&#8220;on&#8220; front_icon_shape=&#8220;use_circle&#8220; front_shape_color=&#8220;#ffcc00&#8243; flipbox_min_height=&#8220;260px&#8220; admin_label=&#8220;Defensive Driving Training&#8220; front_background_image=&#8220;https:\/\/hittner.hr\/wp-content\/uploads\/2025\/12\/hittner-izrada-proizvoda-od-gume-i-metala-1.webp&#8220; _builder_version=&#8220;4.27.5&#8243; _module_preset=&#8220;default&#8220; front_header_font=&#8220;|600|||||||&#8220; front_header_text_color=&#8220;#FFFFFF&#8220; front_header_font_size=&#8220;26px&#8220; front_body_font=&#8220;||||||||&#8220; front_body_text_color=&#8220;#000000&#8243; back_header_text_color=&#8220;#000000&#8243; back_body_text_color=&#8220;#000000&#8243; background_enable_color=&#8220;off&#8220; back_button_icon_color=&#8220;#ff8f1f&#8220; back_button_on_hover=&#8220;off&#8220; custom_padding=&#8220;50px|20px|50px|20px|true|true&#8220; front_header_font_size_tablet=&#8220;22px&#8220; front_header_font_size_phone=&#8220;20px&#8220; front_header_font_size_last_edited=&#8220;on|desktop&#8220; front_header_text_shadow_style=&#8220;preset1&#8243; front_header_text_shadow_blur_strength=&#8220;0.23em&#8220; front_header_text_shadow_color=&#8220;#000000&#8243; border_radii_front_box=&#8220;on|15px|15px|15px|15px&#8220; border_width_all_front_box=&#8220;1px&#8220; border_color_all_front_box=&#8220;rgba(255,255,255,0.4)&#8220; border_radii_back_box=&#8220;on|15px|15px|15px|15px&#8220; border_width_all_back_box=&#8220;1px&#8220; border_color_all_back_box=&#8220;rgba(255,255,255,0.4)&#8220; global_colors_info=&#8220;{}&#8220; back_button_bg_color__hover=&#8220;#000000&#8243; back_button_bg_color__hover_enabled=&#8220;on|hover&#8220; back_button_text_color__hover=&#8220;#FFFFFF&#8220; back_button_text_color__hover_enabled=&#8220;on|hover&#8220; back_button_icon_color__hover=&#8220;#FFFFFF&#8220; back_button_icon_color__hover_enabled=&#8220;on|hover&#8220;]<\/p>\n<p>Kombinierte Gummi-Metall-Elemente f\u00fcr den Maschinenbau und die Fahrzeugtechnik, wie z. B. Polster, St\u00fctzen und Schwingungsd\u00e4mpfer.<\/p>\n<p>[\/dipl_flipbox][\/et_pb_column][et_pb_column type=&#8220;1_3&#8243; _builder_version=&#8220;4.27.4&#8243; _module_preset=&#8220;default&#8220; global_colors_info=&#8220;{}&#8220;][dipl_flipbox front_title=&#8220;Montageleistungen&#8220; front_use_icon=&#8220;on&#8220; front_font_icon=&#8220;&#xe035;||divi||400&#8243; back_background_color=&#8220;#ffcc00&#8243; front_icon_color=&#8220;#FFFFFF&#8220; front_use_icon_font_size=&#8220;on&#8220; front_icon_font_size=&#8220;40px&#8220; front_style_icon=&#8220;on&#8220; front_icon_shape=&#8220;use_circle&#8220; front_shape_color=&#8220;#ffcc00&#8243; flipbox_min_height=&#8220;260px&#8220; admin_label=&#8220;License Test Preparation&#8220; front_background_image=&#8220;https:\/\/hittner.hr\/wp-content\/uploads\/2025\/12\/hittner-montazni-sklop-1.webp&#8220; _builder_version=&#8220;4.27.5&#8243; _module_preset=&#8220;default&#8220; front_header_font=&#8220;|600|||||||&#8220; front_header_text_color=&#8220;#FFFFFF&#8220; front_header_font_size=&#8220;26px&#8220; front_body_font=&#8220;||||||||&#8220; front_body_text_color=&#8220;#000000&#8243; back_header_text_color=&#8220;#000000&#8243; back_body_text_color=&#8220;#000000&#8243; background_enable_color=&#8220;off&#8220; back_button_icon_color=&#8220;#ff8f1f&#8220; back_button_on_hover=&#8220;off&#8220; custom_padding=&#8220;50px|20px|50px|20px|true|true&#8220; front_header_font_size_tablet=&#8220;22px&#8220; front_header_font_size_phone=&#8220;20px&#8220; front_header_font_size_last_edited=&#8220;on|desktop&#8220; front_header_text_shadow_style=&#8220;preset1&#8243; front_header_text_shadow_blur_strength=&#8220;0.23em&#8220; front_header_text_shadow_color=&#8220;#000000&#8243; border_radii_front_box=&#8220;on|15px|15px|15px|15px&#8220; border_width_all_front_box=&#8220;1px&#8220; border_color_all_front_box=&#8220;rgba(255,255,255,0.4)&#8220; border_radii_back_box=&#8220;on|15px|15px|15px|15px&#8220; border_width_all_back_box=&#8220;1px&#8220; border_color_all_back_box=&#8220;rgba(255,255,255,0.4)&#8220; global_colors_info=&#8220;{}&#8220; back_button_bg_color__hover=&#8220;#000000&#8243; back_button_bg_color__hover_enabled=&#8220;on|hover&#8220; back_button_text_color__hover=&#8220;#FFFFFF&#8220; back_button_text_color__hover_enabled=&#8220;on|hover&#8220; back_button_icon_color__hover=&#8220;#FFFFFF&#8220; back_button_icon_color__hover_enabled=&#8220;on|hover&#8220;]<\/p>\n<p>Fertigstellung und Einbau von Teilen zu funktionsf\u00e4higen Baugruppen, die f\u00fcr den weiteren Einbau in Maschinen, Fahrzeuge oder Ger\u00e4te bereit sind.<\/p>\n<p>[\/dipl_flipbox][\/et_pb_column][\/et_pb_row][\/et_pb_section]<\/p>\n","protected":false},"excerpt":{"rendered":"<p><div class=\"et_pb_module dipl_double_color_heading dipl_double_color_heading_0 \">\n\t\t\t\t\n\t\t\t\t\n\t\t\t\t\n\t\t\t\t\n\t\t\t\t\n\t\t\t\t\n\t\t\t\t<div class=\"et_pb_module_inner\">\n\t\t\t\t\t<div class=\"dipl_text_wrapper\"><h1><span class=\"dipl_pre_text\">Metallbearbeitung \u2013<\/span><span class=\"dipl_main_text\">Dienstleistung, Produktion und Kooperation<\/span><\/h1><\/div>\n\t\t\t\t<\/div>\n\t\t\t<\/div><div class=\"et_pb_module dipl_separator dipl_separator_0\">\n\t\t\t\t\n\t\t\t\t\n\t\t\t\t\n\t\t\t\t\n\t\t\t\t\n\t\t\t\t\n\t\t\t\t<div class=\"et_pb_module_inner\">\n\t\t\t\t\t<div class=\"dipl_separator_container align_right\">\n\t\t\t\t\t\t\t\t\t<div class=\"dipl_line dipl_line_before\"><\/div>\n\t\t\t\t\t\t\t\t\t\t<div class=\"dipl-text-wrapper\">B2B-Partnerschaften<\/div>\n\t\t\t\t\t\t\t\t\t\t\n\t\t\t\t\t\t\t\t\t\t\n\t\t\t\t\t\t\t\t\t<div class=\"dipl_line dipl_line_after\"><\/div>\n\t\t\t\t\t\t\t\t<\/div>\n\t\t\t\t<\/div>\n\t\t\t<\/div><div class=\"et_pb_module dipl_double_color_heading dipl_double_color_heading_1 \">\n\t\t\t\t\n\t\t\t\t\n\t\t\t\t\n\t\t\t\t\n\t\t\t\t\n\t\t\t\t\n\t\t\t\t<div class=\"et_pb_module_inner\">\n\t\t\t\t\t<div class=\"dipl_text_wrapper\"><h2><span class=\"dipl_pre_text\">&#8220;Professionelle<\/span><span class=\"dipl_main_text\">&#8220;Bearbeitungsdienstleistungen&#8220;<\/span><\/h2><\/div>\n\t\t\t\t<\/div>\n\t\t\t<\/div><\/p>\n","protected":false},"author":1,"featured_media":0,"parent":0,"menu_order":0,"comment_status":"closed","ping_status":"closed","template":"","meta":{"_et_pb_use_builder":"on","_et_pb_old_content":"","_et_gb_content_width":"","footnotes":""},"class_list":["post-101055","page","type-page","status-publish","hentry"],"_links":{"self":[{"href":"https:\/\/hittner.hr\/de\/wp-json\/wp\/v2\/pages\/101055","targetHints":{"allow":["GET"]}}],"collection":[{"href":"https:\/\/hittner.hr\/de\/wp-json\/wp\/v2\/pages"}],"about":[{"href":"https:\/\/hittner.hr\/de\/wp-json\/wp\/v2\/types\/page"}],"author":[{"embeddable":true,"href":"https:\/\/hittner.hr\/de\/wp-json\/wp\/v2\/users\/1"}],"replies":[{"embeddable":true,"href":"https:\/\/hittner.hr\/de\/wp-json\/wp\/v2\/comments?post=101055"}],"version-history":[{"count":7,"href":"https:\/\/hittner.hr\/de\/wp-json\/wp\/v2\/pages\/101055\/revisions"}],"predecessor-version":[{"id":101310,"href":"https:\/\/hittner.hr\/de\/wp-json\/wp\/v2\/pages\/101055\/revisions\/101310"}],"wp:attachment":[{"href":"https:\/\/hittner.hr\/de\/wp-json\/wp\/v2\/media?parent=101055"}],"curies":[{"name":"wp","href":"https:\/\/api.w.org\/{rel}","templated":true}]}}